{"id":14911,"date":"2020-11-09T16:18:55","date_gmt":"2020-11-09T19:18:55","guid":{"rendered":"https:\/\/quelen.diseno.tecnoweb.net\/?page_id=14911"},"modified":"2021-01-06T18:56:37","modified_gmt":"2021-01-06T21:56:37","slug":"procesos","status":"publish","type":"page","link":"https:\/\/quelennuts.cl\/es\/procesos\/","title":{"rendered":"Procesos"},"content":{"rendered":"<p>[vc_row el_class=&#8221;overflow-visible&#8221;][vc_column]<div class=\"agrikole-headings clearfix text-center\" data-font=30 data-mfont=20 style=\"\"><h2 class=\"heading clearfix \" style=\"margin-bottom:30px;font-size:30px;\">\r\n\t\tCAPACIDAD Y TECNOLOG\u00cdA<br \/>\nPARA PRODUCIR NUECES CHILENAS DE CALIDAD PREMIUM\r\n\t<\/h2><\/div>[vc_row_inner content_placement=&#8221;top&#8221;][vc_column_inner width=&#8221;1\/2&#8243;][vc_column_text]A s\u00f3lo 40 km al sur de Santiago y en una ubicaci\u00f3n estrat\u00e9gica, se encuentra la planta de nueces de Quelen Fruits, lo que nos da la posibilidad y facilidad de acceso para estar visitando los campos de los productores y principales puertos de embarque de manera constante, ya que estos se encuentran en su mayor\u00eda en esta misma regi\u00f3n o en las regiones colindantes tales como la del Libertador Bernardo O\u00b4higgins o la regi\u00f3n de Valpara\u00edso.<\/p>\n<p>Con una planta que tiene una superficie disponible de 25.000 m2, con una superficie construida de 9.200 m2, en Quelen Fruits tenemos una capacidad de almacenaje de 6.250 toneladas de nueces chilenas de calidad Premium.<\/p>\n<p>Contamos con tecnolog\u00eda de \u00faltima generaci\u00f3n tanto en nuez con c\u00e1scara como en nuez sin c\u00e1scara.<\/p>\n<ul>\n<li>Utilizamos en la NCC en el calibrado y ensacado la marca Wizard, con capacidad de proceso de 3.402 toneladas\/mes.<\/li>\n<li>En el ingreso de la fruta al partido mec\u00e1nico usamos la marca Jessee con capacidad de proceso de 336 toneladas\/mes.<\/li>\n<li>En NSC para la selecci\u00f3n electr\u00f3nica tenemos la reputada marca Tomra con capacidad de proceso de 756 toneladas\/mes.<\/li>\n<li>Finalmente para la selecci\u00f3n manual, utilizamos Bigtem con capacidad de proceso de 454 toneladas\/mes.<\/li>\n<\/ul>\n<p>Con procesos automatizados, control desde la producci\u00f3n hasta el empaque, el uso de marcas y tecnolog\u00eda de punta, sumadas al estilo de trabajo que distingue y caracteriza al equipo de Quelen Fruits, podemos afirmar y asumir el compromiso que la nuez chilena, la mejor del mundo, puede contar con la seguridad de llegar hasta los mercados m\u00e1s exigentes, en las mejores manos.[\/vc_column_text][\/vc_column_inner][vc_column_inner width=&#8221;1\/2&#8243;]<div class=\"agrikole-simple-image simple \" style=\"text-align:center; margin:0 auto;\">\r\n\t\t\t\t<img alt=\"image\" src=\"https:\/\/quelennuts.cl\/wp-content\/uploads\/2020\/11\/planta.jpg\" \/> \r\n\t\t\t<\/div>[\/vc_column_inner][\/vc_row_inner]\r\n\t<div class=\"agrikole-spacer clearfix\" data-desktop=\"50\" data-mobi=\"30\" data-smobi=\"30\"><\/div>[\/vc_column][\/vc_row][vc_row][vc_column el_class=&#8221;custom-logos-image-grid&#8221;]<div class=\"agrikole-align-box  mobi-align-center align-center\"><div class=\"agrikole-images-grid clearfix\" data-layout=\"mosaic\" data-column=\"4\" data-column2=\"4\" data-column3=\"2\" data-column4=\"2\" data-gaph=\"15\" data-gapv=\"30\"><div id=\"images-wrap\" class=\"cbp\"><div class=\"cbp-item\"><div class=\"item-wrap\" style=\"\"><a class=\"zoom-popup cbp-lightbox\" href=\"https:\/\/quelennuts.cl\/wp-content\/uploads\/2020\/11\/LOGO-WIZARD.png\"><\/a><img src=\"https:\/\/quelennuts.cl\/wp-content\/uploads\/2020\/11\/LOGO-WIZARD.png\" alt=\"image\" \/><\/div><\/div><div class=\"cbp-item\"><div class=\"item-wrap\" style=\"\"><a class=\"zoom-popup cbp-lightbox\" href=\"https:\/\/quelennuts.cl\/wp-content\/uploads\/2020\/11\/LOGO-TOMRA.png\"><\/a><img src=\"https:\/\/quelennuts.cl\/wp-content\/uploads\/2020\/11\/LOGO-TOMRA.png\" alt=\"image\" \/><\/div><\/div><div class=\"cbp-item\"><div class=\"item-wrap\" style=\"\"><a class=\"zoom-popup cbp-lightbox\" href=\"https:\/\/quelennuts.cl\/wp-content\/uploads\/2020\/11\/LOGO-JESSEE.png\"><\/a><img src=\"https:\/\/quelennuts.cl\/wp-content\/uploads\/2020\/11\/LOGO-JESSEE.png\" alt=\"image\" \/><\/div><\/div><div class=\"cbp-item\"><div class=\"item-wrap\" style=\"\"><a class=\"zoom-popup cbp-lightbox\" href=\"https:\/\/quelennuts.cl\/wp-content\/uploads\/2020\/11\/LOGO-BIGTEM-1.png\"><\/a><img src=\"https:\/\/quelennuts.cl\/wp-content\/uploads\/2020\/11\/LOGO-BIGTEM-1.png\" alt=\"image\" \/><\/div><\/div><\/div><\/div><\/div>\r\n\t<div class=\"agrikole-spacer clearfix\" data-desktop=\"50\" data-mobi=\"30\" data-smobi=\"30\"><\/div>[\/vc_column][\/vc_row][vc_row][vc_column][vc_row_inner][vc_column_inner]<div class=\"agrikole-headings clearfix text-center\" data-font=50 data-mfont=40 style=\"\"><h2 class=\"heading clearfix \" style=\"color:#295b1d;margin-bottom:50px;font-size:50px;\">\r\n\t\tNUESTRO PROCESO\r\n\t<\/h2><\/div>\r\n\t<div class=\"agrikole-spacer clearfix\" data-desktop=\"50\" data-mobi=\"30\" data-smobi=\"30\"><\/div><div class=\"agrikole-simple-image simple \" style=\"text-align:center; margin:0 auto;\">\r\n\t\t\t\t<img alt=\"image\" src=\"https:\/\/quelennuts.cl\/wp-content\/uploads\/2020\/11\/proceso-02-2.svg\" \/> \r\n\t\t\t<\/div>[\/vc_column_inner][\/vc_row_inner][vc_row_inner disable_element=&#8221;yes&#8221;][vc_column_inner width=&#8221;1\/4&#8243;][\/vc_column_inner][vc_column_inner el_class=&#8221;procces-custom-2&#8243; width=&#8221;1\/2&#8243;]\r\n\t<div class=\"agrikole-iconboxs group-2 clearfix style-1\"><div class=\"inner-wrap\"><div class=\"agrikole-icon-box clearfix icon-top align-left  link-hover-accent simple\" style=\"\" ><div class=\"wrap-inner\" style=\"position: relative;\"><div class=\"image-wrap\" style=\"\">\r\n\t\t\t\t<img alt=\"image\" src=\"https:\/\/quelennuts.cl\/wp-content\/uploads\/2020\/10\/p1.png\">\r\n\t\t\t<\/div> <div class=\"content-wrap\"><h5 class=\"heading \" style=\"font-size:18px;line-height:25px;\">\r\n\t\t\t<span>Recepci\u00f3n<br \/>\nde Nueces<\/span>\r\n\t\t<\/h5><\/div><\/div><\/div><div class=\"agrikole-icon-box clearfix icon-top align-left  link-hover-accent simple\" style=\"\" ><div class=\"wrap-inner\" style=\"position: relative;\"><div class=\"image-wrap\" style=\"\">\r\n\t\t\t\t<img alt=\"image\" src=\"https:\/\/quelennuts.cl\/wp-content\/uploads\/2020\/10\/p2.png\">\r\n\t\t\t<\/div> <div class=\"content-wrap\"><h5 class=\"heading \" style=\"font-size:18px;line-height:25px;margin-top:20px;\">\r\n\t\t\t<span>An\u00e1lisis de Calidad<\/span>\r\n\t\t<\/h5><div class=\"desc\" style=\"font-size:12px;line-height:16px;\"><p><span style=\"color: #295b1d;\">(Humedad y aspectos organol\u00e9pticos)<\/span><\/p>\n<\/div><\/div><\/div><\/div><div class=\"agrikole-icon-box clearfix icon-top align-center  link-hover-accent simple\" style=\"\" ><div class=\"wrap-inner\" style=\"position: relative;\"><div class=\"image-wrap\" style=\"\">\r\n\t\t\t\t<img alt=\"image\" src=\"https:\/\/quelennuts.cl\/wp-content\/uploads\/2020\/10\/p12.png\">\r\n\t\t\t<\/div> <div class=\"content-wrap\"><h5 class=\"heading \" style=\"font-size:18px;line-height:25px;margin-top:20px;\">\r\n\t\t\t<span>Almacenamiento<\/span>\r\n\t\t<\/h5><\/div><\/div><\/div><div class=\"agrikole-icon-box clearfix icon-top align-left  link-hover-accent simple\" style=\"\" ><div class=\"wrap-inner\" style=\"position: relative;\"><div class=\"agrikole-icon icon-27853080 icon-font custom custom\"  data-icon=\"\" data-background=\"\">\r\n\t\t\t<span class=\"icon\" style=\"font-size:30px;width:60px;height:60px;border-style:solid;\"><i class=\"agri-drone-1\"><\/i><\/span>\r\n\t\t<\/div> <div class=\"content-wrap\"><h5 class=\"heading \" style=\"font-size:18px;line-height:25px;\">\r\n\t\t\t<span>Fumigado<\/span>\r\n\t\t<\/h5><\/div><\/div><\/div><\/div><\/div>\r\n\t<div class=\"agrikole-spacer clearfix\" data-desktop=\"50\" data-mobi=\"50\" data-smobi=\"50\"><\/div>[\/vc_column_inner][vc_column_inner width=&#8221;1\/4&#8243;][\/vc_column_inner][\/vc_row_inner][vc_row_inner disable_element=&#8221;yes&#8221;][vc_column_inner el_class=&#8221;procces-custom-2&#8243; width=&#8221;1\/2&#8243;]<div class=\"agrikole-headings clearfix text-center\" data-font=25 data-mfont=18 style=\"\"><h5 class=\"heading clearfix \" style=\"color:#295b1d;line-height:35px;margin-bottom:50px;font-size:25px;\">\r\n\t\tSHELLED WALNUTS\r\n\t<\/h5><\/div>\r\n\t<div class=\"agrikole-iconboxs group-2 clearfix style-1\"><div class=\"inner-wrap\"><div class=\"agrikole-icon-box clearfix icon-top align-center  link-hover-accent simple\" style=\"\" ><div class=\"wrap-inner\" style=\"position: relative;\"><div class=\"image-wrap\" style=\"\">\r\n\t\t\t\t<img alt=\"image\" src=\"https:\/\/quelennuts.cl\/wp-content\/uploads\/2020\/10\/p9.png\">\r\n\t\t\t<\/div> <div class=\"content-wrap\"><h5 class=\"heading \" style=\"font-size:18px;line-height:25px;margin-top:20px;\">\r\n\t\t\t<span>Calibrado<br \/>\ny Selecci\u00f3n<\/span>\r\n\t\t<\/h5><\/div><\/div><\/div><div class=\"agrikole-icon-box clearfix icon-top align-left  link-hover-accent simple\" style=\"\" ><div class=\"wrap-inner\" style=\"position: relative;\"><div class=\"agrikole-icon icon-607721578 icon-font custom custom\"  data-icon=\"\" data-background=\"\">\r\n\t\t\t<span class=\"icon\" style=\"font-size:30px;width:60px;height:60px;border-style:solid;\"><i class=\"agri-pesticide\"><\/i><\/span>\r\n\t\t<\/div> <div class=\"content-wrap\"><h5 class=\"heading \" style=\"font-size:18px;line-height:25px;\">\r\n\t\t\t<span>Partido<br \/>\nMec\u00e1nico<\/span>\r\n\t\t<\/h5><\/div><\/div><\/div><div class=\"agrikole-icon-box clearfix icon-top align-center  link-hover-accent simple\" style=\"\" ><div class=\"wrap-inner\" style=\"position: relative;\"><div class=\"image-wrap\" style=\"\">\r\n\t\t\t\t<img alt=\"image\" src=\"https:\/\/quelennuts.cl\/wp-content\/uploads\/2020\/10\/p7.png\">\r\n\t\t\t<\/div> <div class=\"content-wrap\"><h5 class=\"heading \" style=\"font-size:18px;line-height:25px;margin-top:20px;\">\r\n\t\t\t<span>Triple Selecci\u00f3n Electr\u00f3nica<\/span>\r\n\t\t<\/h5><\/div><\/div><\/div><div class=\"agrikole-icon-box clearfix icon-top align-center  link-hover-accent simple\" style=\"\" ><div class=\"wrap-inner\" style=\"position: relative;\"><div class=\"image-wrap\" style=\"\">\r\n\t\t\t\t<img alt=\"image\" src=\"https:\/\/quelennuts.cl\/wp-content\/uploads\/2020\/10\/p11.png\">\r\n\t\t\t<\/div> <div class=\"content-wrap\"><h5 class=\"heading \" style=\"font-size:18px;line-height:25px;margin-top:20px;\">\r\n\t\t\t<span>An\u00e1lisis de Calidad<\/span>\r\n\t\t<\/h5><div class=\"desc\" style=\"font-size:12px;line-height:16px;\"><p><span style=\"color: #295b1d;\">Materias extra\u00f1as, color y defectos<\/span><\/p>\n<\/div><\/div><\/div><\/div><div class=\"agrikole-icon-box clearfix icon-top align-center  link-hover-accent simple\" style=\"\" ><div class=\"wrap-inner\" style=\"position: relative;\"><div class=\"image-wrap\" style=\"\">\r\n\t\t\t\t<img alt=\"image\" src=\"https:\/\/quelennuts.cl\/wp-content\/uploads\/2020\/10\/p6.png\">\r\n\t\t\t<\/div> <div class=\"content-wrap\"><h5 class=\"heading \" style=\"font-size:18px;line-height:25px;margin-top:20px;\">\r\n\t\t\t<span>Selecci\u00f3n Manual<\/span>\r\n\t\t<\/h5><\/div><\/div><\/div><div class=\"agrikole-icon-box clearfix icon-top align-center  link-hover-accent simple\" style=\"\" ><div class=\"wrap-inner\" style=\"position: relative;\"><div class=\"image-wrap\" style=\"\">\r\n\t\t\t\t<img alt=\"image\" src=\"https:\/\/quelennuts.cl\/wp-content\/uploads\/2020\/10\/p11.png\">\r\n\t\t\t<\/div> <div class=\"content-wrap\"><h5 class=\"heading \" style=\"font-size:18px;line-height:25px;margin-top:20px;\">\r\n\t\t\t<span>An\u00e1lisis de Calidad<\/span>\r\n\t\t<\/h5><div class=\"desc\" style=\"font-size:12px;line-height:16px;\"><p><span style=\"color: #295b1d;\">Materias extra\u00f1as, color y defectos<\/span><\/p>\n<\/div><\/div><\/div><\/div><div class=\"agrikole-icon-box clearfix icon-top align-center  link-hover-accent simple\" style=\"\" ><div class=\"wrap-inner\" style=\"position: relative;\"><div class=\"image-wrap\" style=\"\">\r\n\t\t\t\t<img alt=\"image\" src=\"https:\/\/quelennuts.cl\/wp-content\/uploads\/2020\/10\/p18.png\">\r\n\t\t\t<\/div> <div class=\"content-wrap\"><h5 class=\"heading \" style=\"font-size:18px;line-height:25px;margin-top:20px;\">\r\n\t\t\t<span>Envasado<\/span>\r\n\t\t<\/h5><div class=\"desc\" style=\"font-size:12px;line-height:16px;\"><p><span style=\"color: #295b1d;\">Cajas con bolsa en<br \/>\natm\u00f3sfera modificada<\/span><\/p>\n<\/div><\/div><\/div><\/div><div class=\"agrikole-icon-box clearfix icon-top align-center  link-hover-accent simple\" style=\"\" ><div class=\"wrap-inner\" style=\"position: relative;\"><div class=\"image-wrap\" style=\"\">\r\n\t\t\t\t<img alt=\"image\" src=\"https:\/\/quelennuts.cl\/wp-content\/uploads\/2020\/10\/p19.png\">\r\n\t\t\t<\/div> <div class=\"content-wrap\"><h5 class=\"heading \" style=\"font-size:18px;line-height:25px;margin-top:20px;\">\r\n\t\t\t<span>Detector de Metales<\/span>\r\n\t\t<\/h5><\/div><\/div><\/div><div class=\"agrikole-icon-box clearfix icon-top align-center  link-hover-accent simple\" style=\"\" ><div class=\"wrap-inner\" style=\"position: relative;\"><div class=\"agrikole-icon icon-1770855068 icon-font custom custom\"  data-icon=\"\" data-background=\"\">\r\n\t\t\t<span class=\"icon\" style=\"font-size:30px;width:60px;height:60px;border-style:solid;\"><i class=\"agri-box\"><\/i><\/span>\r\n\t\t<\/div> <div class=\"content-wrap\"><h5 class=\"heading \" style=\"font-size:18px;line-height:25px;margin-top:20px;\">\r\n\t\t\t<span>An\u00e1lisis de Calidad<\/span>\r\n\t\t<\/h5><div class=\"desc\" style=\"\"><p><span style=\"color: #295b1d;\">Producto Terminado<\/span><\/p>\n<\/div><\/div><\/div><\/div><div class=\"agrikole-icon-box clearfix icon-top align-center  link-hover-accent simple\" style=\"\" ><div class=\"wrap-inner\" style=\"position: relative;\"><div class=\"image-wrap\" style=\"\">\r\n\t\t\t\t<img alt=\"image\" src=\"https:\/\/quelennuts.cl\/wp-content\/uploads\/2020\/10\/p13.png\">\r\n\t\t\t<\/div> <div class=\"content-wrap\"><h5 class=\"heading \" style=\"font-size:18px;line-height:25px;margin-top:20px;\">\r\n\t\t\t<span>Despacho<\/span>\r\n\t\t<\/h5><\/div><\/div><\/div><\/div><\/div>[\/vc_column_inner][vc_column_inner el_class=&#8221;procces-custom-2&#8243; width=&#8221;1\/2&#8243;]<div class=\"agrikole-headings clearfix text-center\" data-font=25 data-mfont=18 style=\"\"><h5 class=\"heading clearfix \" style=\"color:#295b1d;line-height:35px;margin-bottom:50px;font-size:25px;\">\r\n\t\tINSHELL WALNUTS\r\n\t<\/h5><\/div>\r\n\t<div class=\"agrikole-iconboxs group-2 clearfix style-1\"><div class=\"inner-wrap\"><div class=\"agrikole-icon-box clearfix icon-top align-center  link-hover-accent simple\" style=\"\" ><div class=\"wrap-inner\" style=\"position: relative;\"><div class=\"image-wrap\" style=\"\">\r\n\t\t\t\t<img alt=\"image\" src=\"https:\/\/quelennuts.cl\/wp-content\/uploads\/2020\/10\/p9.png\">\r\n\t\t\t<\/div> <div class=\"content-wrap\"><h5 class=\"heading \" style=\"font-size:18px;line-height:25px;margin-top:20px;\">\r\n\t\t\t<span>Calibrado<br \/>\ny Selecci\u00f3n<\/span>\r\n\t\t<\/h5><\/div><\/div><\/div><div class=\"agrikole-icon-box clearfix icon-top align-center  link-hover-accent simple\" style=\"\" ><div class=\"wrap-inner\" style=\"position: relative;\"><div class=\"image-wrap\" style=\"\">\r\n\t\t\t\t<img alt=\"image\" src=\"https:\/\/quelennuts.cl\/wp-content\/uploads\/2020\/10\/p7.png\">\r\n\t\t\t<\/div> <div class=\"content-wrap\"><h5 class=\"heading \" style=\"font-size:18px;line-height:25px;margin-top:20px;\">\r\n\t\t\t<span>Selecci\u00f3n<br \/>\nL\u00e1ser<\/span>\r\n\t\t<\/h5><\/div><\/div><\/div><div class=\"agrikole-icon-box clearfix icon-top align-center  link-hover-accent simple\" style=\"\" ><div class=\"wrap-inner\" style=\"position: relative;\"><div class=\"image-wrap\" style=\"\">\r\n\t\t\t\t<img alt=\"image\" src=\"https:\/\/quelennuts.cl\/wp-content\/uploads\/2020\/10\/p11.png\">\r\n\t\t\t<\/div> <div class=\"content-wrap\"><h5 class=\"heading \" style=\"font-size:18px;line-height:25px;margin-top:20px;\">\r\n\t\t\t<span>An\u00e1lisis de Calidad<\/span>\r\n\t\t<\/h5><div class=\"desc\" style=\"font-size:12px;line-height:16px;\"><p><span style=\"color: #295b1d;\">Materias extra\u00f1as y defectos<\/span><\/p>\n<\/div><\/div><\/div><\/div><div class=\"agrikole-icon-box clearfix icon-top align-center  link-hover-accent simple\" style=\"\" ><div class=\"wrap-inner\" style=\"position: relative;\"><div class=\"image-wrap\" style=\"\">\r\n\t\t\t\t<img alt=\"image\" src=\"https:\/\/quelennuts.cl\/wp-content\/uploads\/2020\/10\/p6.png\">\r\n\t\t\t<\/div> <div class=\"content-wrap\"><h5 class=\"heading \" style=\"font-size:18px;line-height:25px;margin-top:20px;\">\r\n\t\t\t<span>Selecci\u00f3n Manual<\/span>\r\n\t\t<\/h5><\/div><\/div><\/div><div class=\"agrikole-icon-box clearfix icon-top align-center  link-hover-accent simple\" style=\"\" ><div class=\"wrap-inner\" style=\"position: relative;\"><div class=\"image-wrap\" style=\"\">\r\n\t\t\t\t<img alt=\"image\" src=\"https:\/\/quelennuts.cl\/wp-content\/uploads\/2020\/10\/p18.png\">\r\n\t\t\t<\/div> <div class=\"content-wrap\"><h5 class=\"heading \" style=\"font-size:18px;line-height:25px;margin-top:20px;\">\r\n\t\t\t<span>Envasado<br \/>\nSacos y Cajas<\/span>\r\n\t\t<\/h5><\/div><\/div><\/div><div class=\"agrikole-icon-box clearfix icon-top align-center  link-hover-accent simple\" style=\"\" ><div class=\"wrap-inner\" style=\"position: relative;\"><div class=\"agrikole-icon icon-1534277086 icon-font custom custom\"  data-icon=\"\" data-background=\"\">\r\n\t\t\t<span class=\"icon\" style=\"font-size:30px;width:60px;height:60px;border-style:solid;\"><i class=\"agri-box\"><\/i><\/span>\r\n\t\t<\/div> <div class=\"content-wrap\"><h5 class=\"heading \" style=\"font-size:18px;line-height:25px;margin-top:20px;\">\r\n\t\t\t<span>An\u00e1lisis de Calidad<\/span>\r\n\t\t<\/h5><div class=\"desc\" style=\"\"><p><span style=\"color: #295b1d;\">Producto Terminado<\/span><\/p>\n<\/div><\/div><\/div><\/div><div class=\"agrikole-icon-box clearfix icon-top align-center  link-hover-accent simple\" style=\"\" ><div class=\"wrap-inner\" style=\"position: relative;\"><div class=\"image-wrap\" style=\"\">\r\n\t\t\t\t<img alt=\"image\" src=\"https:\/\/quelennuts.cl\/wp-content\/uploads\/2020\/10\/p13.png\">\r\n\t\t\t<\/div> <div class=\"content-wrap\"><h5 class=\"heading \" style=\"font-size:18px;line-height:25px;margin-top:20px;\">\r\n\t\t\t<span>Despacho<\/span>\r\n\t\t<\/h5><\/div><\/div><\/div><\/div><\/div>[\/vc_column_inner][\/vc_row_inner][\/vc_column][\/vc_row]<\/p>\n","protected":false},"excerpt":{"rendered":"<p>[vc_row el_class=&#8221;overflow-visible&#8221;][vc_column][vc_row_inner content_placement=&#8221;top&#8221;][vc_column_inner width=&#8221;1\/2&#8243;][vc_column_text]A s\u00f3lo 40 km al sur de Santiago y en una ubicaci\u00f3n estrat\u00e9gica, se encuentra la planta de nueces de Quelen Fruits, lo que nos da la posibilidad y facilidad de acceso para estar visitando los campos de los productores y principales puertos de embarque de manera<\/p>\n","protected":false},"author":1,"featured_media":0,"parent":0,"menu_order":0,"comment_status":"closed","ping_status":"closed","template":"","meta":[],"_links":{"self":[{"href":"https:\/\/quelennuts.cl\/es\/wp-json\/wp\/v2\/pages\/14911\/"}],"collection":[{"href":"https:\/\/quelennuts.cl\/es\/wp-json\/wp\/v2\/pages\/"}],"about":[{"href":"https:\/\/quelennuts.cl\/es\/wp-json\/wp\/v2\/types\/page\/"}],"author":[{"embeddable":true,"href":"https:\/\/quelennuts.cl\/es\/wp-json\/wp\/v2\/users\/1\/"}],"replies":[{"embeddable":true,"href":"https:\/\/quelennuts.cl\/es\/wp-json\/wp\/v2\/comments\/?post=14911"}],"version-history":[{"count":39,"href":"https:\/\/quelennuts.cl\/es\/wp-json\/wp\/v2\/pages\/14911\/revisions\/"}],"predecessor-version":[{"id":15485,"href":"https:\/\/quelennuts.cl\/es\/wp-json\/wp\/v2\/pages\/14911\/revisions\/15485\/"}],"wp:attachment":[{"href":"https:\/\/quelennuts.cl\/es\/wp-json\/wp\/v2\/media\/?parent=14911"}],"curies":[{"name":"wp","href":"https:\/\/api.w.org\/{rel}","templated":true}]}}