{"id":14907,"date":"2020-11-09T16:08:14","date_gmt":"2020-11-09T19:08:14","guid":{"rendered":"https:\/\/quelen.diseno.tecnoweb.net\/?page_id=14907"},"modified":"2021-01-06T18:39:56","modified_gmt":"2021-01-06T21:39:56","slug":"productores","status":"publish","type":"page","link":"https:\/\/quelennuts.cl\/es\/productores\/","title":{"rendered":"Productores"},"content":{"rendered":"<p>[vc_row el_class=&#8221;overflow-visible&#8221;][vc_column]<div class=\"agrikole-headings clearfix text-center\" data-font=30 data-mfont=20 style=\"\"><h2 class=\"heading clearfix \" style=\"line-height:50px;margin-bottom:30px;font-size:30px;\">\r\n\t\tPRODUCTORES DE NUECES CHILENAS, LAS MEJORES DEL MUNDO\r\n\t<\/h2><\/div>[vc_row_inner content_placement=&#8221;middle&#8221;][vc_column_inner width=&#8221;1\/2&#8243;]<div class=\"agrikole-simple-image simple \" style=\"text-align:center; margin:0 auto;\">\r\n\t\t\t\t<img alt=\"image\" src=\"https:\/\/quelennuts.cl\/wp-content\/uploads\/2020\/11\/hard-work-800x450-1.jpg\" \/> \r\n\t\t\t<\/div>\r\n\t<div class=\"agrikole-spacer clearfix\" data-desktop=\"0\" data-mobi=\"25\" data-smobi=\"25\"><\/div>[\/vc_column_inner][vc_column_inner width=&#8221;1\/2&#8243;][vc_column_text]En Quelen Fruits podemos afirmar con seguridad que en la zona centro sur de Chile, por su clima Mediterr\u00e1neo, es donde se producen las mejores nueces del mundo.<br \/>\nEsto ha llevado a Chile a ser el mayor productor y exportador de nueces del hemisferio sur.<\/p>\n<p>La combinaci\u00f3n de fen\u00f3menos \u00fanicos presentes en esta zona geogr\u00e1fica naturalmente permite en Chile, un producto Premium, catalogando la nuez chilena, como la mejor nuez del mundo debido a factores como:<\/p>\n<ul>\n<li>Temperaturas moderadas en verano<\/li>\n<\/ul>\n<p>[\/vc_column_text][\/vc_column_inner][\/vc_row_inner]\r\n\t<div class=\"agrikole-spacer clearfix\" data-desktop=\"25\" data-mobi=\"25\" data-smobi=\"25\"><\/div>[vc_row_inner content_placement=&#8221;middle&#8221;][vc_column_inner width=&#8221;1\/2&#8243;][vc_column_text]<\/p>\n<ul>\n<li>Alta oscilaci\u00f3n t\u00e9rmica entre el d\u00eda y la noche<\/li>\n<li>Baja humedad relativa en primavera y verano<\/li>\n<li>Influencia costera que sube por los valles transversales<\/li>\n<li>Barreras sanitarias naturales en los bordes de esta zona geogr\u00e1fica de Chile (El desierto de Atacama en el norte, la Cordillera de los Andes al este, los Campos de hielo al sur y el Oc\u00e9ano Pacifico al oeste)<\/li>\n<\/ul>\n<p>Nos encontramos as\u00ed, con un ecosistema perfecto para producir las mejores nueces del mundo en contra estaci\u00f3n a California.<\/p>\n<p>[\/vc_column_text][\/vc_column_inner][vc_column_inner width=&#8221;1\/2&#8243;]<div class=\"agrikole-simple-image simple \" style=\"text-align:center; margin:0 auto;\">\r\n\t\t\t\t<img alt=\"image\" src=\"https:\/\/quelennuts.cl\/wp-content\/uploads\/2020\/11\/solid-ground-800x450-1.jpg\" \/> \r\n\t\t\t<\/div>\r\n\t<div class=\"agrikole-spacer clearfix\" data-desktop=\"0\" data-mobi=\"25\" data-smobi=\"25\"><\/div>[\/vc_column_inner][\/vc_row_inner]\r\n\t<div class=\"agrikole-spacer clearfix\" data-desktop=\"25\" data-mobi=\"25\" data-smobi=\"25\"><\/div>[vc_column_text]La reconocida agricultura chilena y en Quelen Fruits como productores de nueces, cultivamos nuestros huertos con la m\u00e1s alta tecnolog\u00eda agroindustrial.<\/p>\n<p>Pr\u00e1cticas como el riego tecnificado sustentable con el medioambiente, el uso de solo agroqu\u00edmicos certificados por USDA y la comunidad europea para nueces saludables; cosechas mecanizadas que permiten recorrer los huertos las veces que sea necesario buscando la inigualable calidad de la nuez chilena; y el correcto despelonado y secado industrial de nueces que fijan tempranamente la humedad y el color de la nuez, nos permite obtener los m\u00e1s altos porcentajes de nueces sanas y de color extra light, que podemos recibir en nuestro packing.[\/vc_column_text][\/vc_column][\/vc_row]<\/p>\n","protected":false},"excerpt":{"rendered":"<p>[vc_row el_class=&#8221;overflow-visible&#8221;][vc_column][vc_row_inner content_placement=&#8221;middle&#8221;][vc_column_inner width=&#8221;1\/2&#8243;][\/vc_column_inner][vc_column_inner width=&#8221;1\/2&#8243;][vc_column_text]En Quelen Fruits podemos afirmar con seguridad que en la zona centro sur de Chile, por su clima Mediterr\u00e1neo, es donde se producen las mejores nueces del mundo. Esto ha llevado a Chile a ser el mayor productor y exportador de nueces del hemisferio sur. La<\/p>\n","protected":false},"author":1,"featured_media":0,"parent":0,"menu_order":0,"comment_status":"closed","ping_status":"closed","template":"","meta":[],"_links":{"self":[{"href":"https:\/\/quelennuts.cl\/es\/wp-json\/wp\/v2\/pages\/14907\/"}],"collection":[{"href":"https:\/\/quelennuts.cl\/es\/wp-json\/wp\/v2\/pages\/"}],"about":[{"href":"https:\/\/quelennuts.cl\/es\/wp-json\/wp\/v2\/types\/page\/"}],"author":[{"embeddable":true,"href":"https:\/\/quelennuts.cl\/es\/wp-json\/wp\/v2\/users\/1\/"}],"replies":[{"embeddable":true,"href":"https:\/\/quelennuts.cl\/es\/wp-json\/wp\/v2\/comments\/?post=14907"}],"version-history":[{"count":17,"href":"https:\/\/quelennuts.cl\/es\/wp-json\/wp\/v2\/pages\/14907\/revisions\/"}],"predecessor-version":[{"id":15477,"href":"https:\/\/quelennuts.cl\/es\/wp-json\/wp\/v2\/pages\/14907\/revisions\/15477\/"}],"wp:attachment":[{"href":"https:\/\/quelennuts.cl\/es\/wp-json\/wp\/v2\/media\/?parent=14907"}],"curies":[{"name":"wp","href":"https:\/\/api.w.org\/{rel}","templated":true}]}}