{"id":14720,"date":"2020-11-03T18:34:14","date_gmt":"2020-11-03T21:34:14","guid":{"rendered":"https:\/\/quelen.diseno.tecnoweb.net\/?page_id=14720"},"modified":"2021-01-06T18:38:04","modified_gmt":"2021-01-06T21:38:04","slug":"produccion","status":"publish","type":"page","link":"https:\/\/quelennuts.cl\/es\/produccion\/","title":{"rendered":"Producci\u00f3n"},"content":{"rendered":"<p>[vc_row][vc_column]<div class=\"agrikole-content-box clearfix  display-flex justify-content-center\" data-padding=\"\" data-mobipadding=\"\" data-margin=\"0 10%\" data-mobimargin=\"0 5%\" >\r\n\t\t<div class=\"inner ctb-1805472682\" style=\"\"  data-background=\"\" data-border-style=\"solid\" data-border-style-hover=\"solid\">\r\n\t\t\t[vc_column_text]<\/p>\n<p style=\"text-align: center;\">Hemos sido capaces de reunir y trabajar con los mejores productores de nueces de Chile, para procesar sus productos en la m\u00e1s moderna planta existente en el pa\u00eds y as\u00ed entregar a los diferentes mercados internacionales las mejores nueces del mundo.<\/p>\n<p>[\/vc_column_text]\r\n\t\t<\/div>\r\n\t<\/div>\r\n\t<div class=\"agrikole-spacer clearfix\" data-desktop=\"50\" data-mobi=\"50\" data-smobi=\"50\"><\/div>[vc_row_inner][vc_column_inner offset=&#8221;vc_col-lg-2 vc_col-md-2 vc_col-xs-12&#8243;][\/vc_column_inner][vc_column_inner width=&#8221;1\/2&#8243; offset=&#8221;vc_col-lg-4 vc_col-md-4 vc_col-xs-6&#8243;]<div class=\"agrikole-align-box  mobi-align-center align-center\"><div class=\"button-wrap icon-left has-icon wow fadeInUp\" style=\"\"  data-wow-duration=\"0.75s\" data-wow-delay=\"0.3s\"><a href=\"\/es\/productores\" target=\"_self\" class=\"agrikole-button btn-1357726708 small custom custom custom outline solid custom\" style=\"margin:0 0 25px 0;border-radius:50px;border-width:1px;\"  data-background=\"#56ac48\" data-text=\"#ffffff\" data-border=\"\" data-text-hover=\"#ffffff\" data-background-hover=\"#519e42\">\r\n\t\t<span style=\"padding-left:30px;\">PRODUCTORES <span class=\"icon\" style=\"font-size:20px;top:5px;\"><i class=\"agri-mountain\"><\/i><\/span><\/span>\r\n\t<\/a><\/div><\/div>[\/vc_column_inner][vc_column_inner width=&#8221;1\/2&#8243; offset=&#8221;vc_col-lg-4 vc_col-md-4 vc_col-xs-6&#8243;]<div class=\"agrikole-align-box  mobi-align-center align-center\"><div class=\"button-wrap icon-left has-icon wow fadeInUp\" style=\"\"  data-wow-duration=\"0.75s\" data-wow-delay=\"0.3s\"><a href=\"\/es\/procesos\" target=\"_self\" class=\"agrikole-button btn-532239405 small custom custom custom outline solid custom\" style=\"margin:0 0 25px 0;border-radius:50px;border-width:1px;\"  data-background=\"#56ac48\" data-text=\"#ffffff\" data-border=\"\" data-text-hover=\"#ffffff\" data-background-hover=\"#519e42\">\r\n\t\t<span style=\"padding-left:30px;\">PROCESOS <span class=\"icon\" style=\"font-size:20px;top:5px;\"><i class=\"agri-sprout2\"><\/i><\/span><\/span>\r\n\t<\/a><\/div><\/div>[\/vc_column_inner][vc_column_inner offset=&#8221;vc_col-lg-2 vc_col-md-2 vc_col-xs-12&#8243;][\/vc_column_inner][\/vc_row_inner][\/vc_column][\/vc_row][vc_row disable_element=&#8221;yes&#8221;][vc_column][vc_row_inner][vc_column_inner]<div class=\"agrikole-headings clearfix \" data-font=50 data-mfont=40 style=\"\"><div class=\"sub-heading clearfix\">\r\n\t\t<h2><span style=\"color: #57ac49; margin-left: 30px; font-size: 25px; display: block; line-height: 40px;\">PRODUCTION PROCESS OF WALNUTS WITHOUT SHELL<\/span><\/h2>\n\r\n\t<\/div><\/div>\r\n\t<div class=\"agrikole-spacer clearfix\" data-desktop=\"50\" data-mobi=\"30\" data-smobi=\"30\"><\/div>[\/vc_column_inner][\/vc_row_inner][vc_row_inner][vc_column_inner el_class=&#8221;procces-custom&#8221;]\r\n\t<div class=\"agrikole-iconboxs group-4 clearfix style-1\"><div class=\"inner-wrap\"><div class=\"agrikole-icon-box clearfix icon-top align-center  link-hover-accent simple\" style=\"\" ><div class=\"wrap-inner\" style=\"position: relative;\"><div class=\"image-wrap\" style=\"\">\r\n\t\t\t\t<img alt=\"image\" src=\"https:\/\/quelennuts.cl\/wp-content\/uploads\/2020\/10\/p1.png\">\r\n\t\t\t<\/div> <div class=\"content-wrap\"><h5 class=\"heading \" style=\"font-size:18px;line-height:25px;margin-top:20px;\">\r\n\t\t\t<span>Recepci\u00f3n de Materia Prima<\/span>\r\n\t\t<\/h5><\/div><\/div><\/div><div class=\"agrikole-icon-box clearfix icon-top align-center  link-hover-accent simple\" style=\"\" ><div class=\"wrap-inner\" style=\"position: relative;\"><div class=\"image-wrap\" style=\"\">\r\n\t\t\t\t<img alt=\"image\" src=\"https:\/\/quelennuts.cl\/wp-content\/uploads\/2020\/10\/p2.png\">\r\n\t\t\t<\/div> <div class=\"content-wrap\"><h5 class=\"heading \" style=\"font-size:18px;line-height:25px;margin-top:20px;\">\r\n\t\t\t<span>An\u00e1lisis de Calidad<\/span>\r\n\t\t<\/h5><div class=\"desc\" style=\"font-size:12px;line-height:16px;\"><p><span style=\"color: #295b1d;\">(Humedad y aspectos organol\u00e9pticos)<\/span><\/p>\n<\/div><\/div><\/div><\/div><div class=\"agrikole-icon-box clearfix icon-top align-center  link-hover-accent simple\" style=\"\" ><div class=\"wrap-inner\" style=\"position: relative;\"><div class=\"image-wrap\" style=\"\">\r\n\t\t\t\t<img alt=\"image\" src=\"https:\/\/quelennuts.cl\/wp-content\/uploads\/2020\/10\/p3.png\">\r\n\t\t\t<\/div> <div class=\"content-wrap\"><h5 class=\"heading \" style=\"font-size:18px;line-height:25px;margin-top:20px;\">\r\n\t\t\t<span>Despelonado y Secado<\/span>\r\n\t\t<\/h5><\/div><\/div><\/div><div class=\"agrikole-icon-box clearfix icon-top align-center  link-hover-accent simple\" style=\"\" ><div class=\"wrap-inner\" style=\"position: relative;\"><div class=\"image-wrap\" style=\"\">\r\n\t\t\t\t<img alt=\"image\" src=\"https:\/\/quelennuts.cl\/wp-content\/uploads\/2020\/10\/p4.png\">\r\n\t\t\t<\/div> <div class=\"content-wrap\"><h5 class=\"heading \" style=\"font-size:18px;line-height:25px;margin-top:20px;\">\r\n\t\t\t<span>An\u00e1lisis de Calidad<\/span>\r\n\t\t<\/h5><div class=\"desc\" style=\"font-size:12px;line-height:16px;\"><p><span style=\"color: #295b1d;\">Categorizaci\u00f3n<\/span><br \/>\n<span style=\"color: #295b1d;\">(Humedad, rendimiento y color)<\/span><\/p>\n<\/div><\/div><\/div><\/div><div class=\"agrikole-icon-box clearfix icon-top align-center  link-hover-accent simple\" style=\"\" ><div class=\"wrap-inner\" style=\"position: relative;\"><div class=\"image-wrap\" style=\"\">\r\n\t\t\t\t<img alt=\"image\" src=\"https:\/\/quelennuts.cl\/wp-content\/uploads\/2020\/10\/p5.png\">\r\n\t\t\t<\/div> <div class=\"content-wrap\"><h5 class=\"heading \" style=\"font-size:18px;line-height:25px;margin-top:20px;\">\r\n\t\t\t<span>Almacenamiento en Silos<\/span>\r\n\t\t<\/h5><\/div><\/div><\/div><div class=\"agrikole-icon-box clearfix icon-top align-center  link-hover-accent simple\" style=\"\" ><div class=\"wrap-inner\" style=\"position: relative;\"><div class=\"image-wrap\" style=\"\">\r\n\t\t\t\t<img alt=\"image\" src=\"https:\/\/quelennuts.cl\/wp-content\/uploads\/2020\/10\/p10.png\">\r\n\t\t\t<\/div> <div class=\"content-wrap\"><h5 class=\"heading \" style=\"font-size:18px;line-height:25px;margin-top:20px;\">\r\n\t\t\t<span>Fumigaci\u00f3n<\/span>\r\n\t\t<\/h5><\/div><\/div><\/div><div class=\"agrikole-icon-box clearfix icon-top align-center  link-hover-accent simple\" style=\"\" ><div class=\"wrap-inner\" style=\"position: relative;\"><div class=\"image-wrap\" style=\"\">\r\n\t\t\t\t<img alt=\"image\" src=\"https:\/\/quelennuts.cl\/wp-content\/uploads\/2020\/10\/p15.png\">\r\n\t\t\t<\/div> <div class=\"content-wrap\"><h5 class=\"heading \" style=\"font-size:18px;line-height:25px;margin-top:20px;\">\r\n\t\t\t<span>Ingreso a la Cracker<\/span>\r\n\t\t<\/h5><\/div><\/div><\/div><div class=\"agrikole-icon-box clearfix icon-top align-center  link-hover-accent simple\" style=\"\" ><div class=\"wrap-inner\" style=\"position: relative;\"><div class=\"image-wrap\" style=\"\">\r\n\t\t\t\t<img alt=\"image\" src=\"https:\/\/quelennuts.cl\/wp-content\/uploads\/2020\/10\/p8.png\">\r\n\t\t\t<\/div> <div class=\"content-wrap\"><h5 class=\"heading \" style=\"font-size:18px;line-height:25px;margin-top:20px;\">\r\n\t\t\t<span>Selecci\u00f3n Mec\u00e1nica<\/span>\r\n\t\t<\/h5><\/div><\/div><\/div><div class=\"agrikole-icon-box clearfix icon-top align-center  link-hover-accent simple\" style=\"\" ><div class=\"wrap-inner\" style=\"position: relative;\"><div class=\"image-wrap\" style=\"\">\r\n\t\t\t\t<img alt=\"image\" src=\"https:\/\/quelennuts.cl\/wp-content\/uploads\/2020\/10\/p7.png\">\r\n\t\t\t<\/div> <div class=\"content-wrap\"><h5 class=\"heading \" style=\"font-size:18px;line-height:25px;margin-top:20px;\">\r\n\t\t\t<span>Triple Selecci\u00f3n Electr\u00f3nica<\/span>\r\n\t\t<\/h5><\/div><\/div><\/div><div class=\"agrikole-icon-box clearfix icon-top align-center  link-hover-accent simple\" style=\"\" ><div class=\"wrap-inner\" style=\"position: relative;\"><div class=\"image-wrap\" style=\"\">\r\n\t\t\t\t<img alt=\"image\" src=\"https:\/\/quelennuts.cl\/wp-content\/uploads\/2020\/10\/p6.png\">\r\n\t\t\t<\/div> <div class=\"content-wrap\"><h5 class=\"heading \" style=\"font-size:18px;line-height:25px;margin-top:20px;\">\r\n\t\t\t<span>An\u00e1lisis de Calidad<\/span>\r\n\t\t<\/h5><div class=\"desc\" style=\"font-size:12px;line-height:16px;\"><p><span style=\"color: #295b1d;\">Color, producto y Defectos<\/span><\/p>\n<\/div><\/div><\/div><\/div><div class=\"agrikole-icon-box clearfix icon-top align-center  link-hover-accent simple\" style=\"\" ><div class=\"wrap-inner\" style=\"position: relative;\"><div class=\"image-wrap\" style=\"\">\r\n\t\t\t\t<img alt=\"image\" src=\"https:\/\/quelennuts.cl\/wp-content\/uploads\/2020\/10\/p16.png\">\r\n\t\t\t<\/div> <div class=\"content-wrap\"><h5 class=\"heading \" style=\"font-size:18px;line-height:25px;margin-top:20px;\">\r\n\t\t\t<span>Selecci\u00f3n Manual<\/span>\r\n\t\t<\/h5><\/div><\/div><\/div><div class=\"agrikole-icon-box clearfix icon-top align-center  link-hover-accent simple\" style=\"\" ><div class=\"wrap-inner\" style=\"position: relative;\"><div class=\"image-wrap\" style=\"\">\r\n\t\t\t\t<img alt=\"image\" src=\"https:\/\/quelennuts.cl\/wp-content\/uploads\/2020\/10\/p17.png\">\r\n\t\t\t<\/div> <div class=\"content-wrap\"><h5 class=\"heading \" style=\"font-size:18px;line-height:25px;margin-top:20px;\">\r\n\t\t\t<span>An\u00e1lisis de Calidad<\/span>\r\n\t\t<\/h5><div class=\"desc\" style=\"font-size:12px;line-height:16px;\"><p><span style=\"color: #295b1d;\">Presencia de c\u00e1scaras, color y producto<\/span><\/p>\n<\/div><\/div><\/div><\/div><div class=\"agrikole-icon-box clearfix icon-top align-center  link-hover-accent simple\" style=\"\" ><div class=\"wrap-inner\" style=\"position: relative;\"><div class=\"image-wrap\" style=\"\">\r\n\t\t\t\t<img alt=\"image\" src=\"https:\/\/quelennuts.cl\/wp-content\/uploads\/2020\/10\/p18.png\">\r\n\t\t\t<\/div> <div class=\"content-wrap\"><h5 class=\"heading \" style=\"font-size:18px;line-height:25px;margin-top:20px;\">\r\n\t\t\t<span>Envasado<\/span>\r\n\t\t<\/h5><div class=\"desc\" style=\"font-size:12px;line-height:16px;\"><p><span style=\"color: #295b1d;\">con atm\u00f3sfera modi\ufb01cada<\/span><br \/>\n<span style=\"color: #295b1d;\" font-size:18px=\"\" line-height:25px=\"\" margin-top:20px=\"\">An\u00e1lisis de Calidad<\/span><br \/>\n<span style=\"color: #295b1d;\">producto terminado<\/span><\/p>\n<\/div><\/div><\/div><\/div><div class=\"agrikole-icon-box clearfix icon-top align-center  link-hover-accent simple\" style=\"\" ><div class=\"wrap-inner\" style=\"position: relative;\"><div class=\"image-wrap\" style=\"\">\r\n\t\t\t\t<img alt=\"image\" src=\"https:\/\/quelennuts.cl\/wp-content\/uploads\/2020\/10\/p19.png\">\r\n\t\t\t<\/div> <div class=\"content-wrap\"><h5 class=\"heading \" style=\"font-size:18px;line-height:25px;margin-top:20px;\">\r\n\t\t\t<span>Detector de Metales<\/span>\r\n\t\t<\/h5><\/div><\/div><\/div><div class=\"agrikole-icon-box clearfix icon-top align-center  link-hover-accent simple\" style=\"\" ><div class=\"wrap-inner\" style=\"position: relative;\"><div class=\"image-wrap\" style=\"\">\r\n\t\t\t\t<img alt=\"image\" src=\"https:\/\/quelennuts.cl\/wp-content\/uploads\/2020\/10\/p13.png\">\r\n\t\t\t<\/div> <div class=\"content-wrap\"><h5 class=\"heading \" style=\"font-size:18px;line-height:25px;margin-top:20px;\">\r\n\t\t\t<span>Despacho<\/span>\r\n\t\t<\/h5><\/div><\/div><\/div><\/div><\/div>[\/vc_column_inner][\/vc_row_inner]\r\n\t<div class=\"agrikole-spacer clearfix\" data-desktop=\"116\" data-mobi=\"116\" data-smobi=\"116\"><\/div>[\/vc_column][\/vc_row]<\/p>\n","protected":false},"excerpt":{"rendered":"<p>[vc_row][vc_column][vc_row_inner][vc_column_inner offset=&#8221;vc_col-lg-2 vc_col-md-2 vc_col-xs-12&#8243;][\/vc_column_inner][vc_column_inner width=&#8221;1\/2&#8243; offset=&#8221;vc_col-lg-4 vc_col-md-4 vc_col-xs-6&#8243;][\/vc_column_inner][vc_column_inner width=&#8221;1\/2&#8243; offset=&#8221;vc_col-lg-4 vc_col-md-4 vc_col-xs-6&#8243;][\/vc_column_inner][vc_column_inner offset=&#8221;vc_col-lg-2 vc_col-md-2 vc_col-xs-12&#8243;][\/vc_column_inner][\/vc_row_inner][\/vc_column][\/vc_row][vc_row disable_element=&#8221;yes&#8221;][vc_column][vc_row_inner][vc_column_inner][\/vc_column_inner][\/vc_row_inner][vc_row_inner][vc_column_inner el_class=&#8221;procces-custom&#8221;][\/vc_column_inner][\/vc_row_inner][\/vc_column][\/vc_row]<\/p>\n","protected":false},"author":1,"featured_media":0,"parent":0,"menu_order":0,"comment_status":"closed","ping_status":"closed","template":"","meta":[],"_links":{"self":[{"href":"https:\/\/quelennuts.cl\/es\/wp-json\/wp\/v2\/pages\/14720\/"}],"collection":[{"href":"https:\/\/quelennuts.cl\/es\/wp-json\/wp\/v2\/pages\/"}],"about":[{"href":"https:\/\/quelennuts.cl\/es\/wp-json\/wp\/v2\/types\/page\/"}],"author":[{"embeddable":true,"href":"https:\/\/quelennuts.cl\/es\/wp-json\/wp\/v2\/users\/1\/"}],"replies":[{"embeddable":true,"href":"https:\/\/quelennuts.cl\/es\/wp-json\/wp\/v2\/comments\/?post=14720"}],"version-history":[{"count":36,"href":"https:\/\/quelennuts.cl\/es\/wp-json\/wp\/v2\/pages\/14720\/revisions\/"}],"predecessor-version":[{"id":15476,"href":"https:\/\/quelennuts.cl\/es\/wp-json\/wp\/v2\/pages\/14720\/revisions\/15476\/"}],"wp:attachment":[{"href":"https:\/\/quelennuts.cl\/es\/wp-json\/wp\/v2\/media\/?parent=14720"}],"curies":[{"name":"wp","href":"https:\/\/api.w.org\/{rel}","templated":true}]}}