{"id":13588,"date":"2020-02-22T07:21:42","date_gmt":"2020-02-22T10:21:42","guid":{"rendered":"http:\/\/ninzio.com\/agrikole\/?page_id=13588"},"modified":"2020-11-27T14:26:06","modified_gmt":"2020-11-27T17:26:06","slug":"inicio","status":"publish","type":"page","link":"https:\/\/quelennuts.cl\/es\/","title":{"rendered":"Inicio"},"content":{"rendered":"<p>[vc_row][vc_column]\n\t\t\t<!-- START Slider 03 REVOLUTION SLIDER 6.2.23 --><p class=\"rs-p-wp-fix\"><\/p>\n\t\t\t<rs-module-wrap id=\"rev_slider_1_1_wrapper\" data-source=\"gallery\" style=\"background:transparent;padding:0;margin:0px auto;margin-top:0;margin-bottom:0;\">\n\t\t\t\t<rs-module id=\"rev_slider_1_1\" style=\"\" data-version=\"6.2.23\">\n\t\t\t\t\t<rs-slides>\n\t\t\t\t\t\t<rs-slide data-key=\"rs-4\" data-title=\"Slide\" data-thumb=\"\/\/quelennuts.cl\/wp-content\/uploads\/2020\/11\/s-4x-50x100.jpg\" data-anim=\"ei:d;eo:d;s:d;r:0;t:boxrandomrotate;sl:d;\">\n\t\t\t\t\t\t\t<img src=\"\/\/quelennuts.cl\/wp-content\/uploads\/2020\/11\/s-4x.jpg\" title=\"s-4x\" width=\"2000\" height=\"982\" class=\"rev-slidebg\" data-no-retina>\n<!--\n\t\t\t\t\t\t\t--><rs-layer\n\t\t\t\t\t\t\t\tid=\"slider-1-slide-4-layer-0\" \n\t\t\t\t\t\t\t\tdata-type=\"text\"\n\t\t\t\t\t\t\t\tdata-rsp_ch=\"on\"\n\t\t\t\t\t\t\t\tdata-xy=\"x:l,l,c,c;xo:49px,42px,0,0;y:m;\"\n\t\t\t\t\t\t\t\tdata-text=\"w:normal;s:120,120,104,64;l:110,110,99,71;fw:600;\"\n\t\t\t\t\t\t\t\tdata-frame_0=\"y:50,43,32,19;\"\n\t\t\t\t\t\t\t\tdata-frame_1=\"st:300;sp:1000;\"\n\t\t\t\t\t\t\t\tdata-frame_999=\"o:0;st:w;sp:800;\"\n\t\t\t\t\t\t\t\tstyle=\"z-index:10;font-family:Barlow;\"\n\t\t\t\t\t\t\t><div style=\"font-family: 'Avenir LT Std Black' \">SOLID <br>GROUND<\/div> \n\t\t\t\t\t\t\t<\/rs-layer><!--\n\n\t\t\t\t\t\t\t--><a\n\t\t\t\t\t\t\t\tid=\"slider-1-slide-4-layer-6\" \n\t\t\t\t\t\t\t\tclass=\"rs-layer rev-btn\"\n\t\t\t\t\t\t\t\thref=\"\/about-us\" target=\"_self\" rel=\"nofollow\"\n\t\t\t\t\t\t\t\tdata-type=\"button\"\n\t\t\t\t\t\t\t\tdata-xy=\"x:c;y:m;yo:195px,170px,252px,196px;\"\n\t\t\t\t\t\t\t\tdata-text=\"w:normal;s:16,20,20,20;l:35,42,42,42;ls:1px,0px,0px,0px;fw:600;a:center;\"\n\t\t\t\t\t\t\t\tdata-dim=\"minh:0px,none,none,none;\"\n\t\t\t\t\t\t\t\tdata-rsp_bd=\"off\"\n\t\t\t\t\t\t\t\tdata-padding=\"t:10,9,7,4;r:30,26,20,12;b:10,9,7,4;l:30,26,20,12;\"\n\t\t\t\t\t\t\t\tdata-border=\"bor:100px,100px,100px,100px;\"\n\t\t\t\t\t\t\t\tdata-frame_0=\"y:50,43,32,19;\"\n\t\t\t\t\t\t\t\tdata-frame_1=\"st:1500;sp:1000;\"\n\t\t\t\t\t\t\t\tdata-frame_999=\"o:0;st:w;sp:800;\"\n\t\t\t\t\t\t\t\tdata-frame_hover=\"c:#fff;bgc:#4f8c3a;bor:100px,100px,100px,100px;sp:300ms;e:power1.inOut;bri:120%;\"\n\t\t\t\t\t\t\t\tstyle=\"z-index:9;background-color:#57ac49;font-family:Barlow;text-transform:uppercase;\"\n\t\t\t\t\t\t\t><div style=\"font-family: 'Avenir LT Std Black' \">Discover More<\/div> \n\t\t\t\t\t\t\t<\/a><!--\n\n\t\t\t\t\t\t\t--><rs-layer\n\t\t\t\t\t\t\t\tid=\"slider-1-slide-4-layer-14\" \n\t\t\t\t\t\t\t\tdata-type=\"shape\"\n\t\t\t\t\t\t\t\tdata-rsp_ch=\"on\"\n\t\t\t\t\t\t\t\tdata-xy=\"x:c;y:m;\"\n\t\t\t\t\t\t\t\tdata-text=\"w:normal;s:20,17,12,7;l:0,21,15,9;\"\n\t\t\t\t\t\t\t\tdata-dim=\"w:100%;h:100%;\"\n\t\t\t\t\t\t\t\tdata-basealign=\"slide\"\n\t\t\t\t\t\t\t\tdata-blendmode=\"multiply\"\n\t\t\t\t\t\t\t\tdata-frame_999=\"o:0;st:w;\"\n\t\t\t\t\t\t\t\tstyle=\"z-index:8;background-color:rgba(0,0,0,0.24);\"\n\t\t\t\t\t\t\t> \n\t\t\t\t\t\t\t<\/rs-layer><!--\n-->\t\t\t\t\t\t<\/rs-slide>\n\t\t\t\t\t\t<rs-slide data-key=\"rs-1\" data-title=\"Slide\" data-thumb=\"\/\/quelennuts.cl\/wp-content\/uploads\/2020\/11\/s-2x-50x100.jpg\" data-anim=\"ei:d;eo:d;s:d;r:0;t:boxrandomrotate;sl:d;\">\n\t\t\t\t\t\t\t<img src=\"\/\/quelennuts.cl\/wp-content\/uploads\/2020\/11\/s-2x.jpg\" title=\"s-2x\" width=\"2000\" height=\"982\" class=\"rev-slidebg\" data-no-retina>\n<!--\n\t\t\t\t\t\t\t--><rs-layer\n\t\t\t\t\t\t\t\tid=\"slider-1-slide-1-layer-0\" \n\t\t\t\t\t\t\t\tdata-type=\"text\"\n\t\t\t\t\t\t\t\tdata-rsp_ch=\"on\"\n\t\t\t\t\t\t\t\tdata-xy=\"x:l,l,c,c;xo:49px,42px,0,0;y:m;\"\n\t\t\t\t\t\t\t\tdata-text=\"w:normal;s:120,120,104,64;l:110,110,99,71;fw:600;\"\n\t\t\t\t\t\t\t\tdata-frame_0=\"y:50,43,32,19;\"\n\t\t\t\t\t\t\t\tdata-frame_1=\"st:300;sp:1000;\"\n\t\t\t\t\t\t\t\tdata-frame_999=\"o:0;st:w;sp:800;\"\n\t\t\t\t\t\t\t\tstyle=\"z-index:10;font-family:Barlow;\"\n\t\t\t\t\t\t\t><div style=\"font-family: 'Avenir LT Std Black' \">HARD<br>WORK<\/div> \n\t\t\t\t\t\t\t<\/rs-layer><!--\n\n\t\t\t\t\t\t\t--><a\n\t\t\t\t\t\t\t\tid=\"slider-1-slide-1-layer-6\" \n\t\t\t\t\t\t\t\tclass=\"rs-layer rev-btn\"\n\t\t\t\t\t\t\t\thref=\"\/production\" target=\"_self\" rel=\"nofollow\"\n\t\t\t\t\t\t\t\tdata-type=\"button\"\n\t\t\t\t\t\t\t\tdata-xy=\"x:c;y:m;yo:195px,170px,252px,196px;\"\n\t\t\t\t\t\t\t\tdata-text=\"w:normal;s:16,20,20,20;l:35,42,42,42;ls:1px,0px,0px,0px;fw:600;a:center;\"\n\t\t\t\t\t\t\t\tdata-dim=\"minh:0px,none,none,none;\"\n\t\t\t\t\t\t\t\tdata-rsp_bd=\"off\"\n\t\t\t\t\t\t\t\tdata-padding=\"t:10,9,7,4;r:30,26,20,12;b:10,9,7,4;l:30,26,20,12;\"\n\t\t\t\t\t\t\t\tdata-border=\"bor:100px,100px,100px,100px;\"\n\t\t\t\t\t\t\t\tdata-frame_0=\"y:50,43,32,19;\"\n\t\t\t\t\t\t\t\tdata-frame_1=\"st:1500;sp:1000;\"\n\t\t\t\t\t\t\t\tdata-frame_999=\"o:0;st:w;sp:800;\"\n\t\t\t\t\t\t\t\tdata-frame_hover=\"c:#fff;bgc:#4f8c3a;bor:100px,100px,100px,100px;sp:300ms;e:power1.inOut;bri:120%;\"\n\t\t\t\t\t\t\t\tstyle=\"z-index:9;background-color:#57ac49;font-family:Barlow;text-transform:uppercase;\"\n\t\t\t\t\t\t\t><div style=\"font-family: 'Avenir LT Std Black' \">Discover More<\/div> \n\t\t\t\t\t\t\t<\/a><!--\n\n\t\t\t\t\t\t\t--><rs-layer\n\t\t\t\t\t\t\t\tid=\"slider-1-slide-1-layer-14\" \n\t\t\t\t\t\t\t\tdata-type=\"shape\"\n\t\t\t\t\t\t\t\tdata-rsp_ch=\"on\"\n\t\t\t\t\t\t\t\tdata-xy=\"x:c;y:m;\"\n\t\t\t\t\t\t\t\tdata-text=\"w:normal;s:20,17,12,7;l:0,21,15,9;\"\n\t\t\t\t\t\t\t\tdata-dim=\"w:100%;h:100%;\"\n\t\t\t\t\t\t\t\tdata-basealign=\"slide\"\n\t\t\t\t\t\t\t\tdata-blendmode=\"multiply\"\n\t\t\t\t\t\t\t\tdata-frame_999=\"o:0;st:w;\"\n\t\t\t\t\t\t\t\tstyle=\"z-index:8;background-color:rgba(0,0,0,0.24);\"\n\t\t\t\t\t\t\t> \n\t\t\t\t\t\t\t<\/rs-layer><!--\n-->\t\t\t\t\t\t<\/rs-slide>\n\t\t\t\t\t\t<rs-slide data-key=\"rs-5\" data-title=\"Slide\" data-thumb=\"\/\/quelennuts.cl\/wp-content\/uploads\/2020\/11\/s-3x-50x100.jpg\" data-anim=\"ei:d;eo:d;s:d;r:0;t:boxrandomrotate;sl:d;\">\n\t\t\t\t\t\t\t<img src=\"\/\/quelennuts.cl\/wp-content\/uploads\/2020\/11\/s-3x.jpg\" title=\"s-3x\" width=\"2000\" height=\"982\" class=\"rev-slidebg\" data-no-retina>\n<!--\n\t\t\t\t\t\t\t--><rs-layer\n\t\t\t\t\t\t\t\tid=\"slider-1-slide-5-layer-0\" \n\t\t\t\t\t\t\t\tdata-type=\"text\"\n\t\t\t\t\t\t\t\tdata-rsp_ch=\"on\"\n\t\t\t\t\t\t\t\tdata-xy=\"x:l,l,c,c;xo:49px,42px,0,0;y:m;\"\n\t\t\t\t\t\t\t\tdata-text=\"w:normal;s:120,120,104,64;l:110,110,99,71;fw:600;\"\n\t\t\t\t\t\t\t\tdata-frame_0=\"y:50,43,32,19;\"\n\t\t\t\t\t\t\t\tdata-frame_1=\"st:300;sp:1000;\"\n\t\t\t\t\t\t\t\tdata-frame_999=\"o:0;st:w;sp:800;\"\n\t\t\t\t\t\t\t\tstyle=\"z-index:10;font-family:Barlow;\"\n\t\t\t\t\t\t\t><div style=\"font-family: 'Avenir LT Std Black' \">BEST <br>WALNUTS<\/div> \n\t\t\t\t\t\t\t<\/rs-layer><!--\n\n\t\t\t\t\t\t\t--><a\n\t\t\t\t\t\t\t\tid=\"slider-1-slide-5-layer-6\" \n\t\t\t\t\t\t\t\tclass=\"rs-layer rev-btn\"\n\t\t\t\t\t\t\t\thref=\"\/products\" target=\"_self\" rel=\"nofollow\"\n\t\t\t\t\t\t\t\tdata-type=\"button\"\n\t\t\t\t\t\t\t\tdata-xy=\"x:c;y:m;yo:195px,170px,252px,196px;\"\n\t\t\t\t\t\t\t\tdata-text=\"w:normal;s:16,20,20,20;l:35,42,42,42;ls:1px,0px,0px,0px;fw:600;a:center;\"\n\t\t\t\t\t\t\t\tdata-dim=\"minh:0px,none,none,none;\"\n\t\t\t\t\t\t\t\tdata-rsp_bd=\"off\"\n\t\t\t\t\t\t\t\tdata-padding=\"t:10,9,7,4;r:30,26,20,12;b:10,9,7,4;l:30,26,20,12;\"\n\t\t\t\t\t\t\t\tdata-border=\"bor:100px,100px,100px,100px;\"\n\t\t\t\t\t\t\t\tdata-frame_0=\"y:50,43,32,19;\"\n\t\t\t\t\t\t\t\tdata-frame_1=\"st:1500;sp:1000;\"\n\t\t\t\t\t\t\t\tdata-frame_999=\"o:0;st:w;sp:800;\"\n\t\t\t\t\t\t\t\tdata-frame_hover=\"c:#fff;bgc:#4f8c3a;bor:100px,100px,100px,100px;sp:300ms;e:power1.inOut;bri:120%;\"\n\t\t\t\t\t\t\t\tstyle=\"z-index:9;background-color:#57ac49;font-family:Barlow;text-transform:uppercase;\"\n\t\t\t\t\t\t\t><div style=\"font-family: 'Avenir LT Std Black' \">Discover More<\/div> \n\t\t\t\t\t\t\t<\/a><!--\n\n\t\t\t\t\t\t\t--><rs-layer\n\t\t\t\t\t\t\t\tid=\"slider-1-slide-5-layer-14\" \n\t\t\t\t\t\t\t\tdata-type=\"shape\"\n\t\t\t\t\t\t\t\tdata-rsp_ch=\"on\"\n\t\t\t\t\t\t\t\tdata-xy=\"x:c;y:m;\"\n\t\t\t\t\t\t\t\tdata-text=\"w:normal;s:20,17,12,7;l:0,21,15,9;\"\n\t\t\t\t\t\t\t\tdata-dim=\"w:100%;h:100%;\"\n\t\t\t\t\t\t\t\tdata-basealign=\"slide\"\n\t\t\t\t\t\t\t\tdata-blendmode=\"multiply\"\n\t\t\t\t\t\t\t\tdata-frame_999=\"o:0;st:w;\"\n\t\t\t\t\t\t\t\tstyle=\"z-index:8;background-color:rgba(0,0,0,0.24);\"\n\t\t\t\t\t\t\t> \n\t\t\t\t\t\t\t<\/rs-layer><!--\n-->\t\t\t\t\t\t<\/rs-slide>\n\t\t\t\t\t<\/rs-slides>\n\t\t\t\t<\/rs-module>\n\t\t\t\t<script type=\"text\/javascript\">\n\t\t\t\t\tsetREVStartSize({c: 'rev_slider_1_1',rl:[1240,1024,778,480],el:[600,768,800,600],gw:[1170,1024,778,480],gh:[600,550,800,600],type:'standard',justify:'',layout:'fullwidth',mh:\"0\"});\n\t\t\t\t\tvar\trevapi1,\n\t\t\t\t\t\ttpj;\n\t\t\t\t\tfunction revinit_revslider11() {\n\t\t\t\t\tjQuery(function() {\n\t\t\t\t\t\ttpj = jQuery;\n\t\t\t\t\t\trevapi1 = tpj(\"#rev_slider_1_1\");\n\t\t\t\t\t\tif(revapi1==undefined || revapi1.revolution == undefined){\n\t\t\t\t\t\t\trevslider_showDoubleJqueryError(\"rev_slider_1_1\");\n\t\t\t\t\t\t}else{\n\t\t\t\t\t\t\trevapi1.revolution({\n\t\t\t\t\t\t\t\tsliderLayout:\"fullwidth\",\n\t\t\t\t\t\t\t\tduration:\"7000ms\",\n\t\t\t\t\t\t\t\tvisibilityLevels:\"1240,1024,778,480\",\n\t\t\t\t\t\t\t\tgridwidth:\"1170,1024,778,480\",\n\t\t\t\t\t\t\t\tgridheight:\"600,550,800,600\",\n\t\t\t\t\t\t\t\tspinner:\"spinner0\",\n\t\t\t\t\t\t\t\tperspective:600,\n\t\t\t\t\t\t\t\tperspectiveType:\"local\",\n\t\t\t\t\t\t\t\teditorheight:\"600,768,800,600\",\n\t\t\t\t\t\t\t\tresponsiveLevels:\"1240,1024,778,480\",\n\t\t\t\t\t\t\t\tprogressBar:{disableProgressBar:true},\n\t\t\t\t\t\t\t\tnavigation: {\n\t\t\t\t\t\t\t\t\tonHoverStop:false,\n\t\t\t\t\t\t\t\t\tarrows: {\n\t\t\t\t\t\t\t\t\t\tenable:true,\n\t\t\t\t\t\t\t\t\t\tstyle:\"custom\",\n\t\t\t\t\t\t\t\t\t\thide_onmobile:true,\n\t\t\t\t\t\t\t\t\t\thide_under:\"1024px\",\n\t\t\t\t\t\t\t\t\t\tleft: {\n\t\t\t\t\t\t\t\t\t\t\th_offset:30\n\t\t\t\t\t\t\t\t\t\t},\n\t\t\t\t\t\t\t\t\t\tright: {\n\t\t\t\t\t\t\t\t\t\t\th_offset:30\n\t\t\t\t\t\t\t\t\t\t}\n\t\t\t\t\t\t\t\t\t}\n\t\t\t\t\t\t\t\t},\n\t\t\t\t\t\t\t\tfallbacks: {\n\t\t\t\t\t\t\t\t\tallowHTML5AutoPlayOnAndroid:true\n\t\t\t\t\t\t\t\t},\n\t\t\t\t\t\t\t});\n\t\t\t\t\t\t}\n\t\t\t\t\t\t\n\t\t\t\t\t});\n\t\t\t\t\t} \/\/ End of RevInitScript\n\t\t\t\tvar once_revslider11 = false;\n\t\t\t\tif (document.readyState === \"loading\") {document.addEventListener('readystatechange',function() { if((document.readyState === \"interactive\" || document.readyState === \"complete\") && !once_revslider11 ) { once_revslider11 = true; revinit_revslider11();}});} else {once_revslider11 = true; revinit_revslider11();}\n\t\t\t\t<\/script>\n\t\t\t\t<script>\n\t\t\t\t\tvar htmlDivCss = unescape(\"%23rev_slider_1_1_wrapper%20.custom.tparrows%20%7B%0A%09cursor%3Apointer%3B%0A%09background%3A%23000%3B%0A%09background%3Argba%280%2C0%2C0%2C0.5%29%3B%0A%09width%3A40px%3B%0A%09height%3A40px%3B%0A%09position%3Aabsolute%3B%0A%09display%3Ablock%3B%0A%09z-index%3A1000%3B%0A%7D%0A%23rev_slider_1_1_wrapper%20.custom.tparrows%3Ahover%20%7B%0A%09background%3A%23000%3B%0A%7D%0A%23rev_slider_1_1_wrapper%20.custom.tparrows%3Abefore%20%7B%0A%09font-family%3A%20%27revicons%27%3B%0A%09font-size%3A15px%3B%0A%09color%3A%23fff%3B%0A%09display%3Ablock%3B%0A%09line-height%3A%2040px%3B%0A%09text-align%3A%20center%3B%0A%7D%0A%23rev_slider_1_1_wrapper%20.custom.tparrows.tp-leftarrow%3Abefore%20%7B%0A%09content%3A%20%27%5Ce824%27%3B%0A%7D%0A%23rev_slider_1_1_wrapper%20.custom.tparrows.tp-rightarrow%3Abefore%20%7B%0A%09content%3A%20%27%5Ce825%27%3B%0A%7D%0A%0A%0A\");\n\t\t\t\t\tvar htmlDiv = document.getElementById('rs-plugin-settings-inline-css');\n\t\t\t\t\tif(htmlDiv) {\n\t\t\t\t\t\thtmlDiv.innerHTML = htmlDiv.innerHTML + htmlDivCss;\n\t\t\t\t\t}else{\n\t\t\t\t\t\tvar htmlDiv = document.createElement('div');\n\t\t\t\t\t\thtmlDiv.innerHTML = '<style>' + htmlDivCss + '<\/style>';\n\t\t\t\t\t\tdocument.getElementsByTagName('head')[0].appendChild(htmlDiv.childNodes[0]);\n\t\t\t\t\t}\n\t\t\t\t<\/script>\n\t\t\t\t<script>\n\t\t\t\t\tvar htmlDivCss = unescape(\"%0A%0A%0A\");\n\t\t\t\t\tvar htmlDiv = document.getElementById('rs-plugin-settings-inline-css');\n\t\t\t\t\tif(htmlDiv) {\n\t\t\t\t\t\thtmlDiv.innerHTML = htmlDiv.innerHTML + htmlDivCss;\n\t\t\t\t\t}else{\n\t\t\t\t\t\tvar htmlDiv = document.createElement('div');\n\t\t\t\t\t\thtmlDiv.innerHTML = '<style>' + htmlDivCss + '<\/style>';\n\t\t\t\t\t\tdocument.getElementsByTagName('head')[0].appendChild(htmlDiv.childNodes[0]);\n\t\t\t\t\t}\n\t\t\t\t<\/script>\n\t\t\t<\/rs-module-wrap>\n\t\t\t<!-- END REVOLUTION SLIDER -->\n[\/vc_column][\/vc_row][vc_row][vc_column]\r\n\t<div class=\"agrikole-spacer clearfix\" data-desktop=\"90\" data-mobi=\"60\" data-smobi=\"60\"><\/div>[vc_row_inner][vc_column_inner width=&#8221;1\/2&#8243;]\r\n\t<div class=\"agrikole-spacer clearfix\" data-desktop=\"20\" data-mobi=\"0\" data-smobi=\"0\"><\/div><div class=\"agrikole-headings clearfix \" data-font=30 data-mfont=30 style=\"\"><h2 class=\"heading clearfix \" style=\"color:#295b1d;line-height:40px;font-size:30px;\">\r\n\t\tBIENVENIDO A QUELEN FRUITS\r\n\t<\/h2><\/div>\r\n\t<div class=\"agrikole-spacer clearfix\" data-desktop=\"30\" data-mobi=\"25\" data-smobi=\"25\"><\/div>[vc_column_text]Como grupo, en Quelen Fruits entendemos que las demandas de nuestros clientes y consumidores finales aumentan d\u00eda a d\u00eda, y por eso mismo, nos hemos asegurado de estar trabajando eficientemente y con tecnolog\u00eda en cada una de nuestras unidades de producci\u00f3n y procesamiento para superar incluso las expectativas m\u00e1s ambiciosas.<\/p>\n<p>Para lograr nuestros objetivos, hemos reunido un equipo humano con d\u00e9cadas de experiencia en la producci\u00f3n, procesamiento y exportaci\u00f3n de nueces, y tambi\u00e9n estamos a la vanguardia de la tecnolog\u00eda para ir m\u00e1s all\u00e1 de los est\u00e1ndares de nuestros clientes y garantizar la entrega de Premium Quality Walnuts.[\/vc_column_text]\r\n\t<div class=\"agrikole-spacer clearfix\" data-desktop=\"50\" data-mobi=\"35\" data-smobi=\"35\"><\/div><div class=\"button-wrap icon-right\" style=\"\" ><a href=\"\/nosotros\" target=\"_self\" class=\"agrikole-button btn-1611797702 small no_icon custom custom\" style=\"border-radius:50px;\"  data-background=\"#57ac49\" data-text=\"#ffffff\" data-text-hover=\"#ffffff\" data-background-hover=\"#4f963f\">\r\n\t\t<span style=\"\">NOSOTROS <\/span>\r\n\t<\/a><\/div>\r\n\t<div class=\"agrikole-spacer clearfix\" data-desktop=\"30\" data-mobi=\"25\" data-smobi=\"25\"><\/div>[\/vc_column_inner][vc_column_inner width=&#8221;5\/12&#8243; offset=&#8221;vc_col-lg-offset-1 vc_col-lg-5&#8243;][vc_single_image image=&#8221;14542&#8243;][\/vc_column_inner][\/vc_row_inner]\r\n\t<div class=\"agrikole-spacer clearfix\" data-desktop=\"80\" data-mobi=\"50\" data-smobi=\"50\"><\/div>[\/vc_column][\/vc_row][vc_row full_width=&#8221;stretch_row&#8221; parallax=&#8221;content-moving&#8221; parallax_image=&#8221;14969&#8243; css=&#8221;.vc_custom_1605054326254{background-position: center;background-repeat: no-repeat !important;background-size: cover !important;}&#8221;][vc_column]\r\n\t<div class=\"agrikole-spacer clearfix\" data-desktop=\"150\" data-mobi=\"70\" data-smobi=\"70\"><\/div><div class=\"agrikole-headings clearfix text-center\" data-font=45 data-mfont=30 style=\"\"><h2 class=\"heading clearfix \" style=\"color:#ffffff;line-height:60px;margin-top:10px;font-size:45px;\">\r\n\t\tSOLID GROUND \u00b7 HARD WORK \u00b7 BEST WALNUTS\r\n\t<\/h2><\/div>\r\n\t<div class=\"agrikole-spacer clearfix\" data-desktop=\"150\" data-mobi=\"70\" data-smobi=\"70\"><\/div>[\/vc_column][\/vc_row][vc_row][vc_column]\r\n\t<div class=\"agrikole-spacer clearfix\" data-desktop=\"90\" data-mobi=\"50\" data-smobi=\"50\"><\/div><div class=\"agrikole-headings clearfix \" data-font=50 data-mfont=40 style=\"\"><h2 class=\"heading clearfix \" style=\"color:#295b1d;line-height:60px;font-size:50px;\">\r\n\t\tPUBLICACIONES\r\n\t<\/h2><\/div>\r\n<div class=\"agrikole-news style-2 arrow-center offsetcenter offset-v0 arrow50\" data-auto=\"false\" data-column=\"4\" data-column2=\"3\" data-column3=\"1\" data-gap=\"30\">\r\n\t\r\n\t<div class=\"owl-carousel owl-theme\">\r\n    \r\n\t\t\t\t<div class=\"post-item clearfix\">\r\n\t\t\t<div class=\"inner\">\r\n\t\t\t<div class=\"image-wrap\"><div class=\"post-date-custom\"><span>15 Nov, 2020<\/span><\/div><img src=\"https:\/\/quelennuts.cl\/wp-content\/uploads\/2019\/01\/Cosecha-2020-de-Chile-a-la-baja-1-480x267.jpg\" alt=\"Image\"><\/div><div class=\"content-wrap\"><div class=\"meta\"><span class=\"author\"><a class=\"name\" href=\"https:\/\/quelennuts.cl\/es\/author\/quelen\/\" title=\"View all posts by quelen\">quelen<\/a><\/span><\/div><h3 class=\"title\"><span><a href=\"https:\/\/quelennuts.cl\/es\/cosecha-2020-de-chile-a-la-baja\/\">Cosecha 2020 de Chile a la baja<\/a><\/span><\/h3><div class=\"excerpt\">La cosecha 2020 de Chile ser\u00eda 7% a 10% inferior a la cosecha 2019 de acuerdo a <\/div><div class=\"post-link\"><a href=\"https:\/\/quelennuts.cl\/es\/cosecha-2020-de-chile-a-la-baja\/\" class=\"\"><span>Leer M\u00e1s<\/span><\/a><\/div><\/div>\t        <\/div>\r\n\t    <\/div><!-- \/.posts-item -->\r\n\t    \r\n\t\r\n\t\t\t\t<div class=\"post-item clearfix\">\r\n\t\t\t<div class=\"inner\">\r\n\t\t\t<div class=\"image-wrap\"><div class=\"post-date-custom\"><span>15 Nov, 2020<\/span><\/div><img src=\"https:\/\/quelennuts.cl\/wp-content\/uploads\/2019\/01\/Quelen-sera-expositor-en-congreso-online-de-INC-480x267.jpg\" alt=\"Image\"><\/div><div class=\"content-wrap\"><div class=\"meta\"><span class=\"author\"><a class=\"name\" href=\"https:\/\/quelennuts.cl\/es\/author\/quelen\/\" title=\"View all posts by quelen\">quelen<\/a><\/span><\/div><h3 class=\"title\"><span><a href=\"https:\/\/quelennuts.cl\/es\/quelen-sera-expositor-en-congreso-online-de-inc\/\">Quelen ser\u00e1 expositor en congreso online de INC<\/a><\/span><\/h3><div class=\"excerpt\">Durante los d\u00edas 17, 18 y 19 de noviembre 2020&nbsp;Quelen&nbsp;Fruits participar\u00e1 como expositor <\/div><div class=\"post-link\"><a href=\"https:\/\/quelennuts.cl\/es\/quelen-sera-expositor-en-congreso-online-de-inc\/\" class=\"\"><span>Leer M\u00e1s<\/span><\/a><\/div><\/div>\t        <\/div>\r\n\t    <\/div><!-- \/.posts-item -->\r\n\t    \r\n\t\r\n\t\t\t\t<div class=\"post-item clearfix\">\r\n\t\t\t<div class=\"inner\">\r\n\t\t\t<div class=\"image-wrap\"><div class=\"post-date-custom\"><span>15 Nov, 2020<\/span><\/div><img src=\"https:\/\/quelennuts.cl\/wp-content\/uploads\/2019\/01\/Quelen-participara-en-la-rueda-de-negocios-de-Exponut-480x267.jpg\" alt=\"Image\"><\/div><div class=\"content-wrap\"><div class=\"meta\"><span class=\"author\"><a class=\"name\" href=\"https:\/\/quelennuts.cl\/es\/author\/quelen\/\" title=\"View all posts by quelen\">quelen<\/a><\/span><\/div><h3 class=\"title\"><span><a href=\"https:\/\/quelennuts.cl\/es\/quelen-participara-en-la-rueda-de-negocios-de-exponut\/\">Quelen participar\u00e1 en la rueda de negocios de Exponut<\/a><\/span><\/h3><div class=\"excerpt\">El 25 de noviembre 2020 Chilenut en el marco de su congreso anual\u00a0Exponut, realizar\u00e1 una <\/div><div class=\"post-link\"><a href=\"https:\/\/quelennuts.cl\/es\/quelen-participara-en-la-rueda-de-negocios-de-exponut\/\" class=\"\"><span>Leer M\u00e1s<\/span><\/a><\/div><\/div>\t        <\/div>\r\n\t    <\/div><!-- \/.posts-item -->\r\n\t    \r\n\t\r\n\t\t\t\t<div class=\"post-item clearfix\">\r\n\t\t\t<div class=\"inner\">\r\n\t\t\t<div class=\"image-wrap\"><div class=\"post-date-custom\"><span>15 Nov, 2020<\/span><\/div><img src=\"https:\/\/quelennuts.cl\/wp-content\/uploads\/2019\/01\/Buen-avance-de-exportaciones-de-nueces-chilenas-480x267.jpg\" alt=\"Image\"><\/div><div class=\"content-wrap\"><div class=\"meta\"><span class=\"author\"><a class=\"name\" href=\"https:\/\/quelennuts.cl\/es\/author\/quelen\/\" title=\"View all posts by quelen\">quelen<\/a><\/span><\/div><h3 class=\"title\"><span><a href=\"https:\/\/quelennuts.cl\/es\/agriculture-miracle-you-dont-know-about-2\/\">Buen avance de exportaciones de nueces chilenas<\/a><\/span><\/h3><div class=\"excerpt\">Pese a un lento comienzo de temporada debido a la incertidumbre que generar\u00e1 el <\/div><div class=\"post-link\"><a href=\"https:\/\/quelennuts.cl\/es\/agriculture-miracle-you-dont-know-about-2\/\" class=\"\"><span>Leer M\u00e1s<\/span><\/a><\/div><\/div>\t        <\/div>\r\n\t    <\/div><!-- \/.posts-item -->\r\n\t    \r\n\t\t<\/div><!-- \/.owl-carousel -->\r\n\r\n\r\n<\/div><!-- \/.agrikole-news -->\r\n\r\n\t<div class=\"agrikole-spacer clearfix\" data-desktop=\"56\" data-mobi=\"40\" data-smobi=\"40\"><\/div>[\/vc_column][\/vc_row]<\/p>\n","protected":false},"excerpt":{"rendered":"<p>[vc_row][vc_column][\/vc_column][\/vc_row][vc_row][vc_column][vc_row_inner][vc_column_inner width=&#8221;1\/2&#8243;][vc_column_text]Como grupo, en Quelen Fruits entendemos que las demandas de nuestros clientes y consumidores finales aumentan d\u00eda a d\u00eda, y por eso mismo, nos hemos asegurado de estar trabajando eficientemente y con tecnolog\u00eda en cada una de nuestras unidades de producci\u00f3n y procesamiento para superar incluso las expectativas m\u00e1s<\/p>\n","protected":false},"author":1,"featured_media":0,"parent":0,"menu_order":0,"comment_status":"closed","ping_status":"closed","template":"","meta":[],"_links":{"self":[{"href":"https:\/\/quelennuts.cl\/es\/wp-json\/wp\/v2\/pages\/13588\/"}],"collection":[{"href":"https:\/\/quelennuts.cl\/es\/wp-json\/wp\/v2\/pages\/"}],"about":[{"href":"https:\/\/quelennuts.cl\/es\/wp-json\/wp\/v2\/types\/page\/"}],"author":[{"embeddable":true,"href":"https:\/\/quelennuts.cl\/es\/wp-json\/wp\/v2\/users\/1\/"}],"replies":[{"embeddable":true,"href":"https:\/\/quelennuts.cl\/es\/wp-json\/wp\/v2\/comments\/?post=13588"}],"version-history":[{"count":81,"href":"https:\/\/quelennuts.cl\/es\/wp-json\/wp\/v2\/pages\/13588\/revisions\/"}],"predecessor-version":[{"id":15447,"href":"https:\/\/quelennuts.cl\/es\/wp-json\/wp\/v2\/pages\/13588\/revisions\/15447\/"}],"wp:attachment":[{"href":"https:\/\/quelennuts.cl\/es\/wp-json\/wp\/v2\/media\/?parent=13588"}],"curies":[{"name":"wp","href":"https:\/\/api.w.org\/{rel}","templated":true}]}}