{"id":1316,"date":"2017-10-16T04:10:26","date_gmt":"2017-10-16T04:10:26","guid":{"rendered":"http:\/\/ninzio.com\/agrikole\/?page_id=1316"},"modified":"2026-03-17T16:39:42","modified_gmt":"2026-03-17T19:39:42","slug":"nosotros","status":"publish","type":"page","link":"https:\/\/quelennuts.cl\/es\/nosotros\/","title":{"rendered":"Nosotros"},"content":{"rendered":"<p>[vc_row el_class=&#8221;overflow-visible&#8221;][vc_column]<div class=\"agrikole-headings clearfix text-center\" data-font=50 data-mfont=30 style=\"\"><div class=\"pre-heading clearfix\" style=\"font-weight:600;color:#5b8c51;font-size:14px;letter-spacing:3px;\">\r\n\t\tSOBRE QUELEN\r\n\t<\/div><h2 class=\"heading clearfix \" style=\"font-size:50px;\">\r\n\t\tQUELEN FRUITS M\u00c1S DE 15 A\u00d1OS,<br \/>\nM\u00c1S DE 1.000 HECT\u00c1REAS\r\n\t<\/h2><\/div>\r\n\t<div class=\"agrikole-spacer clearfix\" data-desktop=\"37\" data-mobi=\"37\" data-smobi=\"37\"><\/div>[vc_row_inner rtl_reverse=&#8221;yes&#8221; content_placement=&#8221;middle&#8221;][vc_column_inner css=&#8221;.vc_custom_1605051192244{margin-bottom: 25px !important;}&#8221; offset=&#8221;vc_col-lg-6 vc_col-md-6 vc_col-xs-12&#8243;]<div class=\"agrikole-simple-image simple \" style=\"text-align:center; margin:0 auto;\">\r\n\t\t\t\t<img alt=\"image\" src=\"https:\/\/quelennuts.cl\/wp-content\/uploads\/2020\/11\/campo-1.jpg\" \/> \r\n\t\t\t<\/div>\r\n\t<div class=\"agrikole-spacer clearfix\" data-desktop=\"0\" data-mobi=\"25\" data-smobi=\"25\"><\/div>[\/vc_column_inner][vc_column_inner offset=&#8221;vc_col-lg-6 vc_col-md-6 vc_col-xs-12&#8243;][vc_column_text]Desde hace 15 a\u00f1os, con la plantaci\u00f3n de nuestro primer campo en el Norte de Chile, lugar favorecido por su gente y clima, en Quelen Fruits, brazo agr\u00edcola de un importante grupo empresarial chileno, nos hemos dedicado a la producci\u00f3n de C\u00edtricos y Paltos, con los cuales abastecemos a los mercados mas exigente del mundo.<\/p>\n<p>Con el paso de los a\u00f1os fuimos creciendo exponencialmente con campos en la zona centro y sur del pa\u00eds, con productos muy apetecidos como son las cerezas.<\/p>\n<p>En el a\u00f1o 2020 decidimos tomar un rol de liderazgo en la industria de los frutos secos, para ser protagonistas como exportadores de nueces. Confiados que en base a nuestro esfuerzo y capacidad de trabajo, lograremos un crecimiento relevante y acorde al que tenemos en cada una de las industrias en las que participamos.[\/vc_column_text][\/vc_column_inner][\/vc_row_inner]\r\n\t<div class=\"agrikole-spacer clearfix\" data-desktop=\"25\" data-mobi=\"25\" data-smobi=\"25\"><\/div>[vc_row_inner rtl_reverse=&#8221;yes&#8221; content_placement=&#8221;middle&#8221; css=&#8221;.vc_custom_1605050536161{margin-top: 50px !important;}&#8221;][vc_column_inner offset=&#8221;vc_col-lg-6 vc_col-md-6 vc_col-xs-12&#8243;][vc_column_text]<br \/>\nHoy a nivel productivo Quelen Fruits suma m\u00e1s de 1.000 hect\u00e1reas a lo largo del pa\u00eds y con confianza podemos decir que esto es solo el comienzo.<\/p>\n<p>Tanto los campos propios de Quelen Fruits, como los de agr\u00edcolas relacionadas, nos impusieron la necesidad de contar con nuestra propia capacidad de proceso, para lo cual hoy ya contamos con dos plantas procesadoras entre fruta fresca y frutos secos. Resultado de esto como exportadora y hoy tambi\u00e9n como exportadores de nueces, podemos abastecer m\u00e1s de 10 especies de fruta a clientes en Asia, \u00c1frica, Am\u00e9rica del Norte y Am\u00e9rica del Sur.<\/p>\n<p>Como grupo, en Quelen Fruits entendemos que las exigencias de nuestros clientes y de los consumidores finales son cada vez mayores, por lo que nos hemos preocupado de trabajar con eficiencia y tecnolog\u00eda en cada una de nuestras unidades productivas y de proceso de manera de superar las m\u00e1s amplias expectativas.<\/p>\n<p>[\/vc_column_text][\/vc_column_inner][vc_column_inner offset=&#8221;vc_col-lg-6 vc_col-md-6 vc_col-xs-12&#8243;]\r\n\t<div class=\"agrikole-spacer clearfix\" data-desktop=\"0\" data-mobi=\"25\" data-smobi=\"25\"><\/div><div class=\"agrikole-simple-image simple \" style=\"text-align:center; margin:0 auto;\">\r\n\t\t\t\t<img alt=\"image\" src=\"https:\/\/quelennuts.cl\/wp-content\/uploads\/2020\/11\/campo-3.jpg\" \/> \r\n\t\t\t<\/div>[\/vc_column_inner][\/vc_row_inner][vc_row_inner rtl_reverse=&#8221;yes&#8221; content_placement=&#8221;middle&#8221; css=&#8221;.vc_custom_1605050536161{margin-top: 50px !important;}&#8221;][vc_column_inner offset=&#8221;vc_col-lg-6 vc_col-md-6 vc_col-xs-12&#8243;]\r\n\t<div class=\"agrikole-spacer clearfix\" data-desktop=\"0\" data-mobi=\"25\" data-smobi=\"25\"><\/div>[vc_video link=&#8221;https:\/\/www.youtube.com\/watch?v=8lNtTEyyCPE&#8221;][\/vc_column_inner][vc_column_inner offset=&#8221;vc_col-lg-6 vc_col-md-6 vc_col-xs-12&#8243;][vc_column_text]Para esto hemos formado un equipo humano con d\u00e9cadas de experiencia en la producci\u00f3n, procesamiento y exportaci\u00f3n de nueces, y por supuesto, iremos a la vanguardia tecnol\u00f3gica de manera de exceder los est\u00e1ndares de nuestros clientes y as\u00ed asegurar una Nuez de calidad Premium.<\/p>\n<p>Sin duda t\u00fa trabajo y el nuestro har\u00e1n de la industria de la nuez cada d\u00eda mas grande y mejor.[\/vc_column_text][\/vc_column_inner][\/vc_row_inner]\r\n\t<div class=\"agrikole-spacer clearfix\" data-desktop=\"25\" data-mobi=\"25\" data-smobi=\"25\"><\/div>[\/vc_column][\/vc_row][vc_row disable_element=&#8221;yes&#8221;][vc_column]<div class=\"agrikole-headings clearfix text-center\" data-font=50 data-mfont=30 style=\"\"><h2 class=\"heading clearfix \" style=\"line-height:60px;font-size:50px;\">\r\n\t\tNUESTRO EQUIPO\r\n\t<\/h2><\/div>\r\n\t<div class=\"agrikole-spacer clearfix\" data-desktop=\"56\" data-mobi=\"40\" data-smobi=\"40\"><\/div>\r\n<div class=\"agrikole-team text-center arrow-center offsetcenter offset-v0 bullet-square  arrow50\" data-auto=\"true\" data-loop=\"true\" data-column=\"4\" data-column2=\"2\" data-column3=\"1\" data-gap=\"30\">\r\n\t\r\n\t<div class=\"owl-carousel owl-theme\">\r\n\t            \t<div class=\"member-item clearfix style-2\">\r\n        \t\t<div class=\"inner\">\r\n        \t\t\t\r\n\t\t            \r\n                 \t                 \t\t<div class=\"text-wrap\">\r\n\t\t\t\t\t        \t\t\t\t\t        \t<div class=\"position\" style=\"\">\r\n\t\t\t\t\t        \tFARMER<\/div>\r\n\t\t\t\t\t        \r\n\t\t\t\t\t        \t\t\t\t\t        \t<h4 class=\"name\" style=\"\">\r\n\t\t\t\t\t        \tDAVID JAMES<\/h4>\r\n\t\t\t\t\t        \r\n\t\t\t\t\t        \r\n\t\t\t\t\t        <ul class=\"socials clearfix\"><li class=\"facebook\"><a target=\"_blank\" href=\"https:\/\/www.facebook.com\/ninzio\/\"><i class=\"fa fa-facebook-f\"><\/i><\/a><\/li><li class=\"twitter\"><a target=\"_blank\" href=\"https:\/\/twitter.com\/NinzioThemes\"><i class=\"fa fa-twitter\"><\/i><\/a><\/li><li class=\"instagram\"><a target=\"_blank\" href=\"https:\/\/www.instagram.com\/envato\/\"><i class=\"fa fa-instagram\"><\/i><\/a><\/li><\/ul>\t\t\t\t        <\/div>\r\n\t\t\t                \t\t<\/div><!-- \/.inner -->\r\n            <\/div><!-- \/.member-item -->\r\n\t\t        \t<div class=\"member-item clearfix style-2\">\r\n        \t\t<div class=\"inner\">\r\n        \t\t\t\r\n\t\t            \r\n                 \t                 \t\t<div class=\"text-wrap\">\r\n\t\t\t\t\t        \t\t\t\t\t        \t<div class=\"position\" style=\"\">\r\n\t\t\t\t\t        \tFARMER<\/div>\r\n\t\t\t\t\t        \r\n\t\t\t\t\t        \t\t\t\t\t        \t<h4 class=\"name\" style=\"\">\r\n\t\t\t\t\t        \tJESSICA BROWN<\/h4>\r\n\t\t\t\t\t        \r\n\t\t\t\t\t        \r\n\t\t\t\t\t        <ul class=\"socials clearfix\"><li class=\"facebook\"><a target=\"_blank\" href=\"https:\/\/www.facebook.com\/ninzio\/\"><i class=\"fa fa-facebook-f\"><\/i><\/a><\/li><li class=\"twitter\"><a target=\"_blank\" href=\"https:\/\/twitter.com\/NinzioThemes\"><i class=\"fa fa-twitter\"><\/i><\/a><\/li><li class=\"linkedin\"><a target=\"_blank\" href=\"https:\/\/www.linkedin.com\/company\/envato\"><i class=\"fa fa-linkedin\"><\/i><\/a><\/li><\/ul>\t\t\t\t        <\/div>\r\n\t\t\t                \t\t<\/div><!-- \/.inner -->\r\n            <\/div><!-- \/.member-item -->\r\n\t\t        \t<div class=\"member-item clearfix style-2\">\r\n        \t\t<div class=\"inner\">\r\n        \t\t\t\r\n\t\t            \r\n                 \t                 \t\t<div class=\"text-wrap\">\r\n\t\t\t\t\t        \t\t\t\t\t        \t<div class=\"position\" style=\"\">\r\n\t\t\t\t\t        \tFARMER<\/div>\r\n\t\t\t\t\t        \r\n\t\t\t\t\t        \t\t\t\t\t        \t<h4 class=\"name\" style=\"\">\r\n\t\t\t\t\t        \tKEVIN MARTIN<\/h4>\r\n\t\t\t\t\t        \r\n\t\t\t\t\t        \r\n\t\t\t\t\t        <ul class=\"socials clearfix\"><li class=\"facebook\"><a target=\"_blank\" href=\"https:\/\/www.facebook.com\/ninzio\/\"><i class=\"fa fa-facebook-f\"><\/i><\/a><\/li><li class=\"twitter\"><a target=\"_blank\" href=\"https:\/\/twitter.com\/NinzioThemes\"><i class=\"fa fa-twitter\"><\/i><\/a><\/li><li class=\"instagram\"><a target=\"_blank\" href=\"https:\/\/www.instagram.com\/envato\/\"><i class=\"fa fa-instagram\"><\/i><\/a><\/li><\/ul>\t\t\t\t        <\/div>\r\n\t\t\t                \t\t<\/div><!-- \/.inner -->\r\n            <\/div><!-- \/.member-item -->\r\n\t\t        \t<div class=\"member-item clearfix style-2\">\r\n        \t\t<div class=\"inner\">\r\n        \t\t\t\r\n\t\t            \r\n                 \t                 \t\t<div class=\"text-wrap\">\r\n\t\t\t\t\t        \t\t\t\t\t        \t<div class=\"position\" style=\"\">\r\n\t\t\t\t\t        \tFARMER<\/div>\r\n\t\t\t\t\t        \r\n\t\t\t\t\t        \t\t\t\t\t        \t<h4 class=\"name\" style=\"\">\r\n\t\t\t\t\t        \tSARAH ALBERT<\/h4>\r\n\t\t\t\t\t        \r\n\t\t\t\t\t        \r\n\t\t\t\t\t        <ul class=\"socials clearfix\"><li class=\"facebook\"><a target=\"_blank\" href=\"https:\/\/www.facebook.com\/ninzio\/\"><i class=\"fa fa-facebook-f\"><\/i><\/a><\/li><li class=\"twitter\"><a target=\"_blank\" href=\"https:\/\/twitter.com\/NinzioThemes\"><i class=\"fa fa-twitter\"><\/i><\/a><\/li><li class=\"instagram\"><a target=\"_blank\" href=\"https:\/\/www.instagram.com\/envato\/\"><i class=\"fa fa-instagram\"><\/i><\/a><\/li><\/ul>\t\t\t\t        <\/div>\r\n\t\t\t                \t\t<\/div><!-- \/.inner -->\r\n            <\/div><!-- \/.member-item -->\r\n\t\t\t<\/div><!-- \/.owl-carousel -->\r\n\r\n<\/div><!-- \/.agrikole-team -->\r\n\r\n\r\n\t<div class=\"agrikole-spacer clearfix\" data-desktop=\"100\" data-mobi=\"60\" data-smobi=\"60\"><\/div>[\/vc_column][\/vc_row]<\/p>\n","protected":false},"excerpt":{"rendered":"<p>[vc_row el_class=&#8221;overflow-visible&#8221;][vc_column][vc_row_inner rtl_reverse=&#8221;yes&#8221; content_placement=&#8221;middle&#8221;][vc_column_inner css=&#8221;.vc_custom_1605051192244{margin-bottom: 25px !important;}&#8221; offset=&#8221;vc_col-lg-6 vc_col-md-6 vc_col-xs-12&#8243;][\/vc_column_inner][vc_column_inner offset=&#8221;vc_col-lg-6 vc_col-md-6 vc_col-xs-12&#8243;][vc_column_text]Desde hace 15 a\u00f1os, con la plantaci\u00f3n de nuestro primer campo en el Norte de Chile, lugar favorecido por su gente y clima, en Quelen Fruits, brazo agr\u00edcola de un importante grupo empresarial chileno, nos hemos dedicado a<\/p>\n","protected":false},"author":1,"featured_media":0,"parent":0,"menu_order":0,"comment_status":"closed","ping_status":"closed","template":"","meta":[],"_links":{"self":[{"href":"https:\/\/quelennuts.cl\/es\/wp-json\/wp\/v2\/pages\/1316\/"}],"collection":[{"href":"https:\/\/quelennuts.cl\/es\/wp-json\/wp\/v2\/pages\/"}],"about":[{"href":"https:\/\/quelennuts.cl\/es\/wp-json\/wp\/v2\/types\/page\/"}],"author":[{"embeddable":true,"href":"https:\/\/quelennuts.cl\/es\/wp-json\/wp\/v2\/users\/1\/"}],"replies":[{"embeddable":true,"href":"https:\/\/quelennuts.cl\/es\/wp-json\/wp\/v2\/comments\/?post=1316"}],"version-history":[{"count":21,"href":"https:\/\/quelennuts.cl\/es\/wp-json\/wp\/v2\/pages\/1316\/revisions\/"}],"predecessor-version":[{"id":15622,"href":"https:\/\/quelennuts.cl\/es\/wp-json\/wp\/v2\/pages\/1316\/revisions\/15622\/"}],"wp:attachment":[{"href":"https:\/\/quelennuts.cl\/es\/wp-json\/wp\/v2\/media\/?parent=1316"}],"curies":[{"name":"wp","href":"https:\/\/api.w.org\/{rel}","templated":true}]}}